{"id":2846,"date":"2025-03-14T11:20:25","date_gmt":"2025-03-14T10:20:25","guid":{"rendered":"https:\/\/notam.no\/?page_id=2846"},"modified":"2025-03-14T11:40:30","modified_gmt":"2025-03-14T10:40:30","slug":"kurs-midlertidig-side","status":"publish","type":"page","link":"https:\/\/notam.no\/en\/kurs-midlertidig-side\/","title":{"rendered":"Courses (temporary page)"},"content":{"rendered":"\t\t<div data-elementor-type=\"wp-page\" data-elementor-id=\"2846\" class=\"elementor elementor-2846\" data-elementor-post-type=\"page\">\n\t\t\t\t<div class=\"elementor-element elementor-element-0ab7fef e-flex e-con-boxed e-con e-parent\" data-id=\"0ab7fef\" data-element_type=\"container\" data-e-type=\"container\">\n\t\t\t\t\t<div class=\"e-con-inner\">\n\t\t\t\t<div class=\"elementor-element elementor-element-038d79d elementor-widget-divider--view-line elementor-widget elementor-widget-divider\" data-id=\"038d79d\" data-element_type=\"widget\" data-e-type=\"widget\" data-widget_type=\"divider.default\">\n\t\t\t\t<div class=\"elementor-widget-container\">\n\t\t\t\t\t\t\t<div class=\"elementor-divider\">\n\t\t\t<span class=\"elementor-divider-separator\">\n\t\t\t\t\t\t<\/span>\n\t\t<\/div>\n\t\t\t\t\t\t<\/div>\n\t\t\t\t<\/div>\n\t\t\t\t<div class=\"elementor-element elementor-element-8c24f17 elementor-widget elementor-widget-text-editor\" data-id=\"8c24f17\" data-element_type=\"widget\" data-e-type=\"widget\" data-widget_type=\"text-editor.default\">\n\t\t\t\t<div class=\"elementor-widget-container\">\n\t\t\t\t\t\t\t\t\t<p>Undervisning, kurs og verksteder er viktige deler av Notams arbeid. P\u00e5 denne m\u00e5ten sprer vi kunnskap om teknologi, kunst og musikk. Denne delen av Notams virksomhet retter seg mot forskjellige m\u00e5lgrupper og best\u00e5r av alt fra verksteder som omhandler spesifikke temaer til kurs og veiledning p\u00e5 universitetsniv\u00e5.<\/p><p>Under finner du en oversikt over kursene som Notam tilbyr.\u00a0<\/p>\t\t\t\t\t\t\t\t<\/div>\n\t\t\t\t<\/div>\n\t\t\t\t<div class=\"woocommerce elementor-element elementor-element-d5228ae elementor-grid-3 elementor-grid-tablet-2 elementor-grid-mobile-1 elementor-widget elementor-widget-loop-grid\" data-id=\"d5228ae\" data-element_type=\"widget\" data-e-type=\"widget\" data-settings=\"{&quot;_skin&quot;:&quot;product&quot;,&quot;template_id&quot;:2851,&quot;columns&quot;:&quot;3&quot;,&quot;columns_tablet&quot;:&quot;2&quot;,&quot;columns_mobile&quot;:&quot;1&quot;,&quot;edit_handle_selector&quot;:&quot;[data-elementor-type=\\&quot;loop-item\\&quot;]&quot;,&quot;row_gap&quot;:{&quot;unit&quot;:&quot;px&quot;,&quot;size&quot;:&quot;&quot;,&quot;sizes&quot;:[]},&quot;row_gap_tablet&quot;:{&quot;unit&quot;:&quot;px&quot;,&quot;size&quot;:&quot;&quot;,&quot;sizes&quot;:[]},&quot;row_gap_mobile&quot;:{&quot;unit&quot;:&quot;px&quot;,&quot;size&quot;:&quot;&quot;,&quot;sizes&quot;:[]}}\" data-widget_type=\"loop-grid.product\">\n\t\t\t\t<div class=\"elementor-widget-container\">\n\t\t\t\t\t\t\t<div class=\"elementor-loop-container elementor-grid\" role=\"list\">\n\t\t<style id=\"loop-2851\">.elementor-2851 .elementor-element.elementor-element-49006ac{--display:flex;border-style:solid;--border-style:solid;border-width:1px 1px 1px 1px;--border-top-width:1px;--border-right-width:1px;--border-bottom-width:1px;--border-left-width:1px;border-color:#ACACAC;--border-color:#ACACAC;--border-radius:5px 5px 5px 5px;}.elementor-widget-call-to-action .elementor-cta__title{font-family:var( --e-global-typography-primary-font-family ), Sans-serif;font-weight:var( --e-global-typography-primary-font-weight );}.elementor-widget-call-to-action .elementor-cta__description{font-family:var( --e-global-typography-text-font-family ), Sans-serif;font-weight:var( --e-global-typography-text-font-weight );}.elementor-widget-call-to-action .elementor-cta__button{font-family:var( --e-global-typography-accent-font-family ), Sans-serif;font-weight:var( --e-global-typography-accent-font-weight );}.elementor-widget-call-to-action .elementor-ribbon-inner{background-color:var( --e-global-color-accent );font-family:var( --e-global-typography-accent-font-family ), Sans-serif;font-weight:var( --e-global-typography-accent-font-weight );}.elementor-2851 .elementor-element.elementor-element-1539c2f .elementor-cta__content{text-align:center;}.elementor-2851 .elementor-element.elementor-element-1539c2f .elementor-cta .elementor-cta__bg, .elementor-2851 .elementor-element.elementor-element-1539c2f .elementor-cta .elementor-cta__bg-overlay{transition-duration:1500ms;}.elementor-2851 .elementor-element.elementor-element-1539c2f > .elementor-widget-container{margin:-12px -11px -5px -11px;border-radius:10px 10px 0px 0px;}.elementor-widget-heading .elementor-heading-title{font-family:var( --e-global-typography-primary-font-family ), Sans-serif;font-weight:var( --e-global-typography-primary-font-weight );color:var( --e-global-color-primary );}.elementor-2851 .elementor-element.elementor-element-949a10a .elementor-heading-title{font-family:\"Inter Tight\", Sans-serif;font-size:0.8em;font-weight:400;color:var( --e-global-color-text );}.elementor-2851 .elementor-element.elementor-element-949a10a > .elementor-widget-container{margin:0% 0% 0% 0%;}.elementor-widget-woocommerce-product-title .elementor-heading-title{font-family:var( --e-global-typography-primary-font-family ), Sans-serif;font-weight:var( --e-global-typography-primary-font-weight );color:var( --e-global-color-primary );}.elementor-2851 .elementor-element.elementor-element-b84bf89 .elementor-heading-title{font-family:\"Inter Tight\", Sans-serif;font-weight:600;color:var( --e-global-color-text );}.elementor-2851 .elementor-element.elementor-element-b84bf89 > .elementor-widget-container{margin:-5% 0% 0% 0%;}.woocommerce .elementor-2851 .elementor-element.elementor-element-b11c95e .stock{font-size:0.7em;}<\/style>\t\t<div data-elementor-type=\"loop-item\" data-elementor-id=\"2851\" class=\"elementor elementor-2851 e-loop-item e-loop-item-4713 post-4713 product type-product status-publish has-post-thumbnail product_cat-kurs first outofstock purchasable product-type-simple\" data-elementor-post-type=\"elementor_library\" data-custom-edit-handle=\"1\">\n\t\t\t<a class=\"elementor-element elementor-element-49006ac e-flex e-con-boxed e-con e-parent\" data-id=\"49006ac\" data-element_type=\"container\" data-e-type=\"container\" href=\"https:\/\/notam.no\/en\/product\/live-visuals-verksted-med-claire-fristot\/\">\n\t\t\t\t\t<div class=\"e-con-inner\">\n\t\t\t\t<div class=\"elementor-element elementor-element-1539c2f elementor-cta--skin-classic elementor-animated-content elementor-bg-transform elementor-bg-transform-zoom-in elementor-widget elementor-widget-call-to-action\" data-id=\"1539c2f\" data-element_type=\"widget\" data-e-type=\"widget\" data-widget_type=\"call-to-action.default\">\n\t\t\t\t<div class=\"elementor-widget-container\">\n\t\t\t\t\t\t\t<div class=\"elementor-cta\">\n\t\t\t\t\t<div class=\"elementor-cta__bg-wrapper\">\n\t\t\t\t<div class=\"elementor-cta__bg elementor-bg\" style=\"background-image: url(https:\/\/notam.no\/wp-content\/uploads\/2025\/12\/Live_Visual_A-li-ce-portrait-1-1024x576.jpg);\" role=\"img\" aria-label=\"Live_Visual_A-li-ce portrait-1\"><\/div>\n\t\t\t\t<div class=\"elementor-cta__bg-overlay\"><\/div>\n\t\t\t<\/div>\n\t\t\t\t\t\t\t\t<\/div>\n\t\t\t\t\t\t<\/div>\n\t\t\t\t<\/div>\n\t\t\t\t<div class=\"elementor-element elementor-element-949a10a elementor-widget elementor-widget-heading\" data-id=\"949a10a\" data-element_type=\"widget\" data-e-type=\"widget\" data-widget_type=\"heading.default\">\n\t\t\t\t<div class=\"elementor-widget-container\">\n\t\t\t\t\t<span class=\"elementor-heading-title elementor-size-default\">27. - 30. april, 2026<\/span>\t\t\t\t<\/div>\n\t\t\t\t<\/div>\n\t\t\t\t<div class=\"elementor-element elementor-element-b84bf89 elementor-widget elementor-widget-woocommerce-product-title elementor-page-title elementor-widget-heading\" data-id=\"b84bf89\" data-element_type=\"widget\" data-e-type=\"widget\" data-widget_type=\"woocommerce-product-title.default\">\n\t\t\t\t<div class=\"elementor-widget-container\">\n\t\t\t\t\t<span class=\"product_title entry-title elementor-heading-title elementor-size-default\">Live Visuals verksted med Claire Fristot<\/span>\t\t\t\t<\/div>\n\t\t\t\t<\/div>\n\t\t\t\t<div class=\"elementor-element elementor-element-b11c95e elementor-widget elementor-widget-woocommerce-product-stock\" data-id=\"b11c95e\" data-element_type=\"widget\" data-e-type=\"widget\" data-widget_type=\"woocommerce-product-stock.default\">\n\t\t\t\t<div class=\"elementor-widget-container\">\n\t\t\t\t\t<p class=\"stock out-of-stock\">0 ledige plasser<\/p>\n\t\t\t\t<\/div>\n\t\t\t\t<\/div>\n\t\t\t\t\t<\/div>\n\t\t\t\t<\/a>\n\t\t\t\t<\/div>\n\t\t\t\t<div data-elementor-type=\"loop-item\" data-elementor-id=\"2851\" class=\"elementor elementor-2851 e-loop-item e-loop-item-2787 post-2787 product type-product status-publish has-post-thumbnail product_cat-kurs  instock virtual sold-individually taxable purchasable product-type-simple\" data-elementor-post-type=\"elementor_library\" data-custom-edit-handle=\"1\">\n\t\t\t<a class=\"elementor-element elementor-element-49006ac e-flex e-con-boxed e-con e-parent\" data-id=\"49006ac\" data-element_type=\"container\" data-e-type=\"container\" href=\"https:\/\/notam.no\/en\/product\/verksted-i-kontaktmikrofoner\/\">\n\t\t\t\t\t<div class=\"e-con-inner\">\n\t\t\t\t<div class=\"elementor-element elementor-element-1539c2f elementor-cta--skin-classic elementor-animated-content elementor-bg-transform elementor-bg-transform-zoom-in elementor-widget elementor-widget-call-to-action\" data-id=\"1539c2f\" data-element_type=\"widget\" data-e-type=\"widget\" data-widget_type=\"call-to-action.default\">\n\t\t\t\t<div class=\"elementor-widget-container\">\n\t\t\t\t\t\t\t<div class=\"elementor-cta\">\n\t\t\t\t\t<div class=\"elementor-cta__bg-wrapper\">\n\t\t\t\t<div class=\"elementor-cta__bg elementor-bg\" style=\"background-image: url(https:\/\/notam.no\/wp-content\/uploads\/2025\/06\/kontakt-mikrofon-promo-1024x731.jpg);\" role=\"img\" aria-label=\"kontakt-mikrofon-promo\"><\/div>\n\t\t\t\t<div class=\"elementor-cta__bg-overlay\"><\/div>\n\t\t\t<\/div>\n\t\t\t\t\t\t\t\t<\/div>\n\t\t\t\t\t\t<\/div>\n\t\t\t\t<\/div>\n\t\t\t\t<div class=\"elementor-element elementor-element-949a10a elementor-widget elementor-widget-heading\" data-id=\"949a10a\" data-element_type=\"widget\" data-e-type=\"widget\" data-widget_type=\"heading.default\">\n\t\t\t\t<div class=\"elementor-widget-container\">\n\t\t\t\t\t<span class=\"elementor-heading-title elementor-size-default\">28. og 29. mai, 2026<\/span>\t\t\t\t<\/div>\n\t\t\t\t<\/div>\n\t\t\t\t<div class=\"elementor-element elementor-element-b84bf89 elementor-widget elementor-widget-woocommerce-product-title elementor-page-title elementor-widget-heading\" data-id=\"b84bf89\" data-element_type=\"widget\" data-e-type=\"widget\" data-widget_type=\"woocommerce-product-title.default\">\n\t\t\t\t<div class=\"elementor-widget-container\">\n\t\t\t\t\t<span class=\"product_title entry-title elementor-heading-title elementor-size-default\">Verksted i kontaktmikrofoner<\/span>\t\t\t\t<\/div>\n\t\t\t\t<\/div>\n\t\t\t\t<div class=\"elementor-element elementor-element-b11c95e elementor-widget elementor-widget-woocommerce-product-stock\" data-id=\"b11c95e\" data-element_type=\"widget\" data-e-type=\"widget\" data-widget_type=\"woocommerce-product-stock.default\">\n\t\t\t\t<div class=\"elementor-widget-container\">\n\t\t\t\t\t<p class=\"stock in-stock\">6 ledige plasser<\/p>\n\t\t\t\t<\/div>\n\t\t\t\t<\/div>\n\t\t\t\t\t<\/div>\n\t\t\t\t<\/a>\n\t\t\t\t<\/div>\n\t\t\t\t<div data-elementor-type=\"loop-item\" data-elementor-id=\"2851\" class=\"elementor elementor-2851 e-loop-item e-loop-item-2840 post-2840 product type-product status-publish has-post-thumbnail product_cat-kurs product_tag-elektromagnetisk-lytting product_tag-elektronikk product_tag-kurs product_tag-workshop  outofstock virtual sold-individually taxable purchasable product-type-simple\" data-elementor-post-type=\"elementor_library\" data-custom-edit-handle=\"1\">\n\t\t\t<a class=\"elementor-element elementor-element-49006ac e-flex e-con-boxed e-con e-parent\" data-id=\"49006ac\" data-element_type=\"container\" data-e-type=\"container\" href=\"https:\/\/notam.no\/en\/product\/verksted-bygg-en-enhet-for-elektromagnetisk-lytting\/\">\n\t\t\t\t\t<div class=\"e-con-inner\">\n\t\t\t\t<div class=\"elementor-element elementor-element-1539c2f elementor-cta--skin-classic elementor-animated-content elementor-bg-transform elementor-bg-transform-zoom-in elementor-widget elementor-widget-call-to-action\" data-id=\"1539c2f\" data-element_type=\"widget\" data-e-type=\"widget\" data-widget_type=\"call-to-action.default\">\n\t\t\t\t<div class=\"elementor-widget-container\">\n\t\t\t\t\t\t\t<div class=\"elementor-cta\">\n\t\t\t\t\t<div class=\"elementor-cta__bg-wrapper\">\n\t\t\t\t<div class=\"elementor-cta__bg elementor-bg\" style=\"background-image: url(https:\/\/notam.no\/wp-content\/uploads\/2025\/01\/IMG_2854-1024x967.jpg);\" role=\"img\" aria-label=\"IMG_2854\"><\/div>\n\t\t\t\t<div class=\"elementor-cta__bg-overlay\"><\/div>\n\t\t\t<\/div>\n\t\t\t\t\t\t\t\t<\/div>\n\t\t\t\t\t\t<\/div>\n\t\t\t\t<\/div>\n\t\t\t\t<div class=\"elementor-element elementor-element-949a10a elementor-widget elementor-widget-heading\" data-id=\"949a10a\" data-element_type=\"widget\" data-e-type=\"widget\" data-widget_type=\"heading.default\">\n\t\t\t\t<div class=\"elementor-widget-container\">\n\t\t\t\t\t<span class=\"elementor-heading-title elementor-size-default\">12.03 og 13.03.2026<\/span>\t\t\t\t<\/div>\n\t\t\t\t<\/div>\n\t\t\t\t<div class=\"elementor-element elementor-element-b84bf89 elementor-widget elementor-widget-woocommerce-product-title elementor-page-title elementor-widget-heading\" data-id=\"b84bf89\" data-element_type=\"widget\" data-e-type=\"widget\" data-widget_type=\"woocommerce-product-title.default\">\n\t\t\t\t<div class=\"elementor-widget-container\">\n\t\t\t\t\t<span class=\"product_title entry-title elementor-heading-title elementor-size-default\">Verksted i elektromagnetisk lytting<\/span>\t\t\t\t<\/div>\n\t\t\t\t<\/div>\n\t\t\t\t<div class=\"elementor-element elementor-element-b11c95e elementor-widget elementor-widget-woocommerce-product-stock\" data-id=\"b11c95e\" data-element_type=\"widget\" data-e-type=\"widget\" data-widget_type=\"woocommerce-product-stock.default\">\n\t\t\t\t<div class=\"elementor-widget-container\">\n\t\t\t\t\t<p class=\"stock out-of-stock\">0 ledige plasser<\/p>\n\t\t\t\t<\/div>\n\t\t\t\t<\/div>\n\t\t\t\t\t<\/div>\n\t\t\t\t<\/a>\n\t\t\t\t<\/div>\n\t\t\t\t<\/div>\n\t\t\n\t\t\t\t\t\t<\/div>\n\t\t\t\t<\/div>\n\t\t\t\t\t<\/div>\n\t\t\t\t<\/div>\n\t\t\t\t<\/div>\n\t\t","protected":false},"excerpt":{"rendered":"<p>Undervisning, kurs og verksteder er viktige deler av Notams arbeid. P\u00e5 denne m\u00e5ten sprer vi kunnskap om teknologi, kunst og musikk. Denne delen av Notams virksomhet retter seg mot forskjellige m\u00e5lgrupper og best\u00e5r av alt fra verksteder som omhandler spesifikke temaer til kurs og veiledning p\u00e5 universitetsniv\u00e5. Under finner du en oversikt over kursene som [&hellip;]<\/p>\n","protected":false},"author":1,"featured_media":0,"parent":0,"menu_order":0,"comment_status":"closed","ping_status":"closed","template":"","meta":{"_acf_changed":false,"footnotes":"","_links_to":"","_links_to_target":""},"class_list":["post-2846","page","type-page","status-publish","hentry"],"acf":[],"publishpress_future_workflow_manual_trigger":{"enabledWorkflows":[]},"_links":{"self":[{"href":"https:\/\/notam.no\/en\/wp-json\/wp\/v2\/pages\/2846","targetHints":{"allow":["GET"]}}],"collection":[{"href":"https:\/\/notam.no\/en\/wp-json\/wp\/v2\/pages"}],"about":[{"href":"https:\/\/notam.no\/en\/wp-json\/wp\/v2\/types\/page"}],"author":[{"embeddable":true,"href":"https:\/\/notam.no\/en\/wp-json\/wp\/v2\/users\/1"}],"replies":[{"embeddable":true,"href":"https:\/\/notam.no\/en\/wp-json\/wp\/v2\/comments?post=2846"}],"version-history":[{"count":0,"href":"https:\/\/notam.no\/en\/wp-json\/wp\/v2\/pages\/2846\/revisions"}],"wp:attachment":[{"href":"https:\/\/notam.no\/en\/wp-json\/wp\/v2\/media?parent=2846"}],"curies":[{"name":"wp","href":"https:\/\/api.w.org\/{rel}","templated":true}]}}