{"id":3057,"date":"2025-04-04T14:30:16","date_gmt":"2025-04-04T12:30:16","guid":{"rendered":"https:\/\/notam.no\/?page_id=3057"},"modified":"2026-01-19T15:04:41","modified_gmt":"2026-01-19T14:04:41","slug":"notams-etiske-retningslinjer-2","status":"publish","type":"page","link":"https:\/\/notam.no\/en\/notams-etiske-retningslinjer-2\/","title":{"rendered":"Notam Code of conduct\u00a0"},"content":{"rendered":"<div data-elementor-type=\"wp-page\" data-elementor-id=\"3057\" class=\"elementor elementor-3057\" data-elementor-post-type=\"page\">\n\t\t\t\t<div class=\"elementor-element elementor-element-5b395cf3 e-flex e-con-boxed e-con e-parent\" data-id=\"5b395cf3\" data-element_type=\"container\" data-e-type=\"container\">\n\t\t\t\t\t<div class=\"e-con-inner\">\n\t\t\t\t<div class=\"elementor-element elementor-element-38d80bac elementor-widget__width-initial elementor-widget elementor-widget-text-editor\" data-id=\"38d80bac\" data-element_type=\"widget\" data-e-type=\"widget\" data-widget_type=\"text-editor.default\">\n\t\t\t\t<div class=\"elementor-widget-container\">\n\t\t\t\t\t\t\t\t\t\n<p>Notam is committed to being a safe, welcoming and inclusive place for everyone, regardless of gender, sexual orientation, ability, cultural background, socioeconomic status or religion.<br \/><br \/>In this Code of Conduct  we outline our expectations of everyone who works at, or with, Notam, as well as the consequences of unacceptable behavior. This code of conduct is not exhaustive. If you have any questions regarding situations that arise, you can consult Notam's administration.<br \/><br \/><strong>Expected behaviour at Notam<\/strong><br \/>We expect everyone who works at, or with Notam, or who attends events at, or organized by Notam to follow our code of conduct at all times. With this, we expect everyone to:<\/p>\n\n<ul class=\"wp-block-list\">\n<li>be considerate and respectful in their speech and actions.<\/li>\n\n<li>refrain from derogatory, discriminatory, offensive or harassing behavior and speech.<\/li>\n\n<li>are aware of their surroundings and their fellow human beings.\u00a0<\/li>\n<\/ul>\n\n<p><br \/><strong>Unacceptable behaviour<\/strong><br \/>Unacceptable behavior includes, but is not limited to, actions or speech that can be perceived as intimidating, harassing, insulting, discriminatory, offensive, or derogatory. This also includes inappropriate physical contact, unwanted sexual attention, persistent and disrespectful interruptions, and actions or comments related to gender, sexual orientation, cultural background, religion, or ability.\u00a0<\/p>\n\n<p>Offensive behavior is always assessed based on the recipient's perception of it. This can be words or actions that cause the person being subjected to it to feel violated.\u00a0<\/p>\n\n<p><strong>Consequences of unacceptable behaviour<\/strong><br \/>Unacceptable behavior by anyone working at Notam, including employees and those with decision-making authority, will not be tolerated. If someone is asked to stop unacceptable behavior, they are expected to comply immediately. If anyone working at or with Notam exhibits unacceptable behavior, Notam's management will take appropriate action. This may result in temporary or permanent exclusion from Notam.\u00a0<\/p>\n\n<p><strong>If you witness or are subject to unacceptable behaviour<\/strong><br \/>If you are exposed to, or witness unacceptable behavior, or have other concerns, please report it to Notam's management as soon as possible. Notam's management and employees are available to assist if anyone experiences unacceptable behavior, or feels unsafe. Channels for reporting  unacceptable behavior can be found on our webpage, at the bottom of this page.\u00a0<\/p>\n\n<p><strong>Addressing grievances<\/strong><br \/>If you feel that you have been unfairly accused of violating this Code of Conduct, you can use one of our feedback channels for reporting it. Your complaint will be handled in accordance with our policies and regulations.\u00a0<\/p>\n\n<p><strong>Licence and attribution<\/strong><br \/>This policy is based on the Berlin Code of Conduct, distributed under a Creative Commons Attribution-ShareAlike 4.0 International (CC BY-SA 4.0) licence.<br \/><br \/><strong>Notifying Notam <br \/><\/strong>If you need to notify, you can do so to the Artistic and Administrative Director, Christian Blom, <a href=\"mailto:blom@notam.no\">here,<\/a> or to Organisational Consultant, Bj\u00f8rg T\u00f8nnessen, <a href=\"mailto:tonnessen@notam.no\">here<\/a>.\u00a0<\/p>\n\t\t\t\t\t\t\t\t<\/div>\n\t\t\t\t<\/div>\n\t\t\t\t\t<\/div>\n\t\t\t\t<\/div>\n\t\t\t\t<\/div>","protected":false},"excerpt":{"rendered":"<p>Notam skal v\u00e6re et trygt, im\u00f8tekommende og inkluderende sted for alle, uavhengig av kj\u00f8nn, seksuell legning, funksjonsvariasjon, kulturell bakgrunn, sosio\u00f8konomisk status eller religion. I disse etiske retningslinjene skisseres v\u00e5re forventninger til alle som jobber p\u00e5, eller med Notam, samt konsekvensene for uakseptabel oppf\u00f8rsel. Disse etiske retningslinjene er ikke utt\u00f8mmende. Har man sp\u00f8rsm\u00e5l om situasjoner som [&hellip;]<\/p>\n","protected":false},"author":2,"featured_media":0,"parent":0,"menu_order":0,"comment_status":"closed","ping_status":"closed","template":"","meta":{"_acf_changed":false,"footnotes":"","_links_to":"","_links_to_target":""},"class_list":["post-3057","page","type-page","status-publish","hentry"],"acf":[],"publishpress_future_workflow_manual_trigger":{"enabledWorkflows":[]},"_links":{"self":[{"href":"https:\/\/notam.no\/en\/wp-json\/wp\/v2\/pages\/3057","targetHints":{"allow":["GET"]}}],"collection":[{"href":"https:\/\/notam.no\/en\/wp-json\/wp\/v2\/pages"}],"about":[{"href":"https:\/\/notam.no\/en\/wp-json\/wp\/v2\/types\/page"}],"author":[{"embeddable":true,"href":"https:\/\/notam.no\/en\/wp-json\/wp\/v2\/users\/2"}],"replies":[{"embeddable":true,"href":"https:\/\/notam.no\/en\/wp-json\/wp\/v2\/comments?post=3057"}],"version-history":[{"count":6,"href":"https:\/\/notam.no\/en\/wp-json\/wp\/v2\/pages\/3057\/revisions"}],"predecessor-version":[{"id":4921,"href":"https:\/\/notam.no\/en\/wp-json\/wp\/v2\/pages\/3057\/revisions\/4921"}],"wp:attachment":[{"href":"https:\/\/notam.no\/en\/wp-json\/wp\/v2\/media?parent=3057"}],"curies":[{"name":"wp","href":"https:\/\/api.w.org\/{rel}","templated":true}]}}