{"id":3456,"date":"2025-06-20T11:13:09","date_gmt":"2025-06-20T09:13:09","guid":{"rendered":"https:\/\/notam.no\/?page_id=3456"},"modified":"2025-06-20T11:19:39","modified_gmt":"2025-06-20T09:19:39","slug":"notams-online-max-meetup","status":"publish","type":"page","link":"https:\/\/notam.no\/en\/notams-online-max-meetup\/","title":{"rendered":"Notams Online Max Meetup"},"content":{"rendered":"<div data-elementor-type=\"wp-page\" data-elementor-id=\"3456\" class=\"elementor elementor-3456\" data-elementor-post-type=\"page\">\n\t\t\t\t<div class=\"elementor-element elementor-element-7a3e9acd e-flex e-con-boxed e-con e-parent\" data-id=\"7a3e9acd\" data-element_type=\"container\" data-e-type=\"container\">\n\t\t\t\t\t<div class=\"e-con-inner\">\n\t\t\t\t<div class=\"elementor-element elementor-element-21266f34 elementor-widget elementor-widget-text-editor\" data-id=\"21266f34\" data-element_type=\"widget\" data-e-type=\"widget\" data-widget_type=\"text-editor.default\">\n\t\t\t\t<div class=\"elementor-widget-container\">\n\t\t\t\t\t\t\t\t\t\n<p>Notam's Max Meetup is a get-together for anyone interested in programming with <a href=\"https:\/\/cycling74.com\/\" target=\"_blank\" rel=\"noopener\">Max<\/a>. It's an informal meeting where Max users can share ideas, projects, techniques or just help each other out.\u00a0<\/p>\n\n<p>Max is a visual programming environment for creating art, multimedia, sound and music created by the company Cycling 74. It's one of the most popular tools for creating all kinds of digital art and has been an industry standard since the 90s. Whether you're interested in programming interactive design work, music, sound or images, this is the event for you.<\/p>\n\n<p>If you are completely new to using Max, we recommend taking our introductory course to Max, which will be relaunched in autumn 2025.<\/p>\n\t\t\t\t\t\t\t\t<\/div>\n\t\t\t\t<\/div>\n\t\t\t\t<div class=\"elementor-element elementor-element-b3d21fc elementor-widget-divider--view-line elementor-widget elementor-widget-divider\" data-id=\"b3d21fc\" data-element_type=\"widget\" data-e-type=\"widget\" data-widget_type=\"divider.default\">\n\t\t\t\t<div class=\"elementor-widget-container\">\n\t\t\t\t\t\t\t<div class=\"elementor-divider\">\n\t\t\t<span class=\"elementor-divider-separator\">\n\t\t\t\t\t\t<\/span>\n\t\t<\/div>\n\t\t\t\t\t\t<\/div>\n\t\t\t\t<\/div>\n\t\t\t\t<div class=\"elementor-element elementor-element-f75c7ac elementor-widget elementor-widget-text-editor\" data-id=\"f75c7ac\" data-element_type=\"widget\" data-e-type=\"widget\" data-widget_type=\"text-editor.default\">\n\t\t\t\t<div class=\"elementor-widget-container\">\n\t\t\t\t\t\t\t\t\t\n<p>Max Meeting ID: 961 8668 2482<br \/>Link:\u00a0<a href=\"https:\/\/zoom.us\/j\/96186682482?fbclid=IwZXh0bgNhZW0CMTAAAR3XiTUiiJApqnNXv-i0b9rk-hGkB7bsD1SH-HdpSZNZnqeakHiisb59pLA_aem_RrBLU9IvLqXxF4IMZQdibQ\" target=\"_blank\" rel=\"noreferrer noopener\">https:\/\/zoom.us\/j\/96186682482<\/a><\/p>\n\t\t\t\t\t\t\t\t<\/div>\n\t\t\t\t<\/div>\n\t\t\t\t\t<\/div>\n\t\t\t\t<\/div>\n\t\t\t\t<\/div>","protected":false},"excerpt":{"rendered":"<p>Notams Max Meetup er et treff for alle som er interessert i \u00e5 programmere med Max. Det er et uformelt m\u00f8te hvor Max-brukere kan dele id\u00e9er, prosjekter, teknikker eller bare hjelpe hverandre.\u00a0 Max er et visuelt programmeringsmilj\u00f8 for \u00e5 lage kunst, multimedia, lyd og musikk laget av selskapet Cycling 74. Det er et av de [&hellip;]<\/p>\n","protected":false},"author":2,"featured_media":1574,"parent":0,"menu_order":0,"comment_status":"closed","ping_status":"closed","template":"","meta":{"_acf_changed":false,"footnotes":"","_links_to":"","_links_to_target":""},"class_list":["post-3456","page","type-page","status-publish","has-post-thumbnail","hentry"],"acf":[],"publishpress_future_workflow_manual_trigger":{"enabledWorkflows":[]},"_links":{"self":[{"href":"https:\/\/notam.no\/en\/wp-json\/wp\/v2\/pages\/3456","targetHints":{"allow":["GET"]}}],"collection":[{"href":"https:\/\/notam.no\/en\/wp-json\/wp\/v2\/pages"}],"about":[{"href":"https:\/\/notam.no\/en\/wp-json\/wp\/v2\/types\/page"}],"author":[{"embeddable":true,"href":"https:\/\/notam.no\/en\/wp-json\/wp\/v2\/users\/2"}],"replies":[{"embeddable":true,"href":"https:\/\/notam.no\/en\/wp-json\/wp\/v2\/comments?post=3456"}],"version-history":[{"count":0,"href":"https:\/\/notam.no\/en\/wp-json\/wp\/v2\/pages\/3456\/revisions"}],"wp:featuredmedia":[{"embeddable":true,"href":"https:\/\/notam.no\/en\/wp-json\/wp\/v2\/media\/1574"}],"wp:attachment":[{"href":"https:\/\/notam.no\/en\/wp-json\/wp\/v2\/media?parent=3456"}],"curies":[{"name":"wp","href":"https:\/\/api.w.org\/{rel}","templated":true}]}}