{"id":3473,"date":"2025-06-20T11:31:16","date_gmt":"2025-06-20T09:31:16","guid":{"rendered":"https:\/\/notam.no\/?page_id=3473"},"modified":"2025-06-20T11:33:55","modified_gmt":"2025-06-20T09:33:55","slug":"notams-online-spatial-audio-meetup","status":"publish","type":"page","link":"https:\/\/notam.no\/en\/notams-online-spatial-audio-meetup\/","title":{"rendered":"Notams Online Spatial Audio Meetup"},"content":{"rendered":"<div data-elementor-type=\"wp-page\" data-elementor-id=\"3473\" class=\"elementor elementor-3473\" data-elementor-post-type=\"page\">\n\t\t\t\t<div class=\"elementor-element elementor-element-c55412b e-flex e-con-boxed e-con e-parent\" data-id=\"c55412b\" data-element_type=\"container\" data-e-type=\"container\">\n\t\t\t\t\t<div class=\"e-con-inner\">\n\t\t\t\t<div class=\"elementor-element elementor-element-4803c7c elementor-widget elementor-widget-text-editor\" data-id=\"4803c7c\" data-element_type=\"widget\" data-e-type=\"widget\" data-widget_type=\"text-editor.default\">\n\t\t\t\t<div class=\"elementor-widget-container\">\n\t\t\t\t\t\t\t\t\t<p>To push the boundaries of what's possible in this field, an international group of people meet at Notam's spatial audio meetups once a month to explore techniques, workflows, aesthetics, ideas and sounds.<\/p><p><!-- \/wp:paragraph --> <!-- wp:paragraph --><\/p><p>Notam's Spatial Audio meetup is a meeting place for working with surround sound for artistic purposes. Here, some of the world's leading experts and technologists meet curious artists and beginners. Together, they explore new ways of expressing themselves in broadcast formats.\u00a0<\/p><p>These meetups are led by American artist Monica Bolles and composer Mariam Gviniashvili.\u00a0<\/p><p><!-- \/wp:paragraph --> <!-- wp:paragraph --><\/p><p><strong>Mariam Gviniashvili<\/strong>\u00a0is a sound artist and composer who combines electronics, electroacoustics and 3D sound with visual material, dance and performance to penetrate the physical and emotional essence of sound and space.<\/p><p><!-- \/wp:paragraph --> <!-- wp:paragraph --><\/p><p><strong>Monica Bolles<\/strong>\u00a0is an artist, audio engineer and composer who utilises emerging technologies, science and design to create spaces for the exploration of human experience in an ever-evolving and transforming world. Through the juxtaposition of the organic and the digital, art and science, technology and humanity, hub continually investigates what it means to be human in today's society.<\/p><p><!-- \/wp:paragraph --><\/p>\t\t\t\t\t\t\t\t<\/div>\n\t\t\t\t<\/div>\n\t\t\t\t<div class=\"elementor-element elementor-element-e1d0659 elementor-widget-divider--view-line elementor-widget elementor-widget-divider\" data-id=\"e1d0659\" data-element_type=\"widget\" data-e-type=\"widget\" data-widget_type=\"divider.default\">\n\t\t\t\t<div class=\"elementor-widget-container\">\n\t\t\t\t\t\t\t<div class=\"elementor-divider\">\n\t\t\t<span class=\"elementor-divider-separator\">\n\t\t\t\t\t\t<\/span>\n\t\t<\/div>\n\t\t\t\t\t\t<\/div>\n\t\t\t\t<\/div>\n\t\t\t\t<div class=\"elementor-element elementor-element-f899b15 elementor-widget elementor-widget-text-editor\" data-id=\"f899b15\" data-element_type=\"widget\" data-e-type=\"widget\" data-widget_type=\"text-editor.default\">\n\t\t\t\t<div class=\"elementor-widget-container\">\n\t\t\t\t\t\t\t\t\t<p><strong>Meeting ID:<\/strong> 926 0674 7841<br \/><strong>Link:<\/strong> <a href=\"https:\/\/zoom.us\/j\/92606747841\" target=\"_blank\" rel=\"noopener\">https:\/\/zoom.us\/j\/92606747841<\/a><\/p>\t\t\t\t\t\t\t\t<\/div>\n\t\t\t\t<\/div>\n\t\t\t\t\t<\/div>\n\t\t\t\t<\/div>\n\t\t\t\t<\/div>","protected":false},"excerpt":{"rendered":"<p>For \u00e5 skyve p\u00e5 grensene for det mulige i dette feltet m\u00f8tes en internasjonal gruppe av mennesker p\u00e5 Notams spatial audio meetups en gang i m\u00e5neden for \u00e5 utforske teknikker, arbeidsflyter, estetikk, ideer og lyder. Notams Spatial Audio meetup er en m\u00f8teplass for arbeid med kringlyd for kunstneriske form\u00e5l. Her m\u00f8ter noen av verdens ledende [&hellip;]<\/p>\n","protected":false},"author":2,"featured_media":1572,"parent":0,"menu_order":0,"comment_status":"closed","ping_status":"closed","template":"","meta":{"_acf_changed":false,"footnotes":"","_links_to":"","_links_to_target":""},"class_list":["post-3473","page","type-page","status-publish","has-post-thumbnail","hentry"],"acf":[],"publishpress_future_workflow_manual_trigger":{"enabledWorkflows":[]},"_links":{"self":[{"href":"https:\/\/notam.no\/en\/wp-json\/wp\/v2\/pages\/3473","targetHints":{"allow":["GET"]}}],"collection":[{"href":"https:\/\/notam.no\/en\/wp-json\/wp\/v2\/pages"}],"about":[{"href":"https:\/\/notam.no\/en\/wp-json\/wp\/v2\/types\/page"}],"author":[{"embeddable":true,"href":"https:\/\/notam.no\/en\/wp-json\/wp\/v2\/users\/2"}],"replies":[{"embeddable":true,"href":"https:\/\/notam.no\/en\/wp-json\/wp\/v2\/comments?post=3473"}],"version-history":[{"count":0,"href":"https:\/\/notam.no\/en\/wp-json\/wp\/v2\/pages\/3473\/revisions"}],"wp:featuredmedia":[{"embeddable":true,"href":"https:\/\/notam.no\/en\/wp-json\/wp\/v2\/media\/1572"}],"wp:attachment":[{"href":"https:\/\/notam.no\/en\/wp-json\/wp\/v2\/media?parent=3473"}],"curies":[{"name":"wp","href":"https:\/\/api.w.org\/{rel}","templated":true}]}}