{"id":3479,"date":"2025-06-20T11:38:14","date_gmt":"2025-06-20T09:38:14","guid":{"rendered":"https:\/\/notam.no\/?page_id=3479"},"modified":"2025-06-20T11:39:47","modified_gmt":"2025-06-20T09:39:47","slug":"notams-online-meetup-for-kunstnere-i-teknologi","status":"publish","type":"page","link":"https:\/\/notam.no\/en\/notams-online-meetup-for-kunstnere-i-teknologi\/","title":{"rendered":"Notam's Online Meetup for artists in technology"},"content":{"rendered":"<div data-elementor-type=\"wp-page\" data-elementor-id=\"3479\" class=\"elementor elementor-3479\" data-elementor-post-type=\"page\">\n\t\t\t\t<div class=\"elementor-element elementor-element-f341fa1 e-flex e-con-boxed e-con e-parent\" data-id=\"f341fa1\" data-element_type=\"container\" data-e-type=\"container\">\n\t\t\t\t\t<div class=\"e-con-inner\">\n\t\t\t\t<div class=\"elementor-element elementor-element-aa02489 elementor-widget elementor-widget-text-editor\" data-id=\"aa02489\" data-element_type=\"widget\" data-e-type=\"widget\" data-widget_type=\"text-editor.default\">\n\t\t\t\t<div class=\"elementor-widget-container\">\n\t\t\t\t\t\t\t\t\t<p>This meetup is a forum open to all. We especially encourage women, transgender and non-binary people who are working with technology in their practice to present their work. At these meetups, participants can share their artistic projects and get input from each other. Typically, the meetup consists of a series of talks and presentations organised by different artists.\u00a0<\/p><p><!-- \/wp:paragraph --> <!-- wp:paragraph --><\/p><p>These meetups are led by composer Mariam Gviniashvili and composer Misha Cvijovi\u0107.\u00a0<\/p><p><!-- \/wp:paragraph --> <!-- wp:paragraph --><\/p><p><strong>Mariam Gviniashvili<\/strong>\u00a0is a sound artist and composer who combines electronics, electroacoustics and 3D sound with visual material, dance and performance to penetrate the physical and emotional essence of sound and space.<\/p><p><!-- \/wp:paragraph --> <!-- wp:paragraph --><\/p><p><strong>Misha Cvijovi\u0107<\/strong>\u00a0is a Berlin-based composer, pianist and sound artist who writes contemporary music for orchestra, chamber music, electroacoustic music, contemporary opera and music for theatre and film.<\/p><p><!-- \/wp:paragraph --><\/p>\t\t\t\t\t\t\t\t<\/div>\n\t\t\t\t<\/div>\n\t\t\t\t<div class=\"elementor-element elementor-element-32af126 elementor-widget-divider--view-line elementor-widget elementor-widget-divider\" data-id=\"32af126\" data-element_type=\"widget\" data-e-type=\"widget\" data-widget_type=\"divider.default\">\n\t\t\t\t<div class=\"elementor-widget-container\">\n\t\t\t\t\t\t\t<div class=\"elementor-divider\">\n\t\t\t<span class=\"elementor-divider-separator\">\n\t\t\t\t\t\t<\/span>\n\t\t<\/div>\n\t\t\t\t\t\t<\/div>\n\t\t\t\t<\/div>\n\t\t\t\t<div class=\"elementor-element elementor-element-8b04f7f elementor-widget elementor-widget-text-editor\" data-id=\"8b04f7f\" data-element_type=\"widget\" data-e-type=\"widget\" data-widget_type=\"text-editor.default\">\n\t\t\t\t<div class=\"elementor-widget-container\">\n\t\t\t\t\t\t\t\t\t<p>Meeting ID: 928 9244 5350<br \/>Link:\u00a0<a href=\"https:\/\/zoom.us\/j\/92892445350\" target=\"_blank\" rel=\"noreferrer noopener\">https:\/\/zoom.us\/j\/92892445350<\/a><\/p>\t\t\t\t\t\t\t\t<\/div>\n\t\t\t\t<\/div>\n\t\t\t\t\t<\/div>\n\t\t\t\t<\/div>\n\t\t\t\t<\/div>","protected":false},"excerpt":{"rendered":"<p>Dette meetupet er et forum \u00e5pent for alle, men med s\u00e6rlig fokus p\u00e5 presentasjoner ledet av kvinner, transpersoner og ikke-bin\u00e6re personer som jobber med teknologi i kunsten. P\u00e5 disse meetupene kan deltakerne dele sine kunstneriske prosjekter, og f\u00e5 innspill fra hverandre. Typisk best\u00e5r dette meetupet av en rekke samtaler og presentasjoner i regi av ulike [&hellip;]<\/p>\n","protected":false},"author":2,"featured_media":2090,"parent":0,"menu_order":0,"comment_status":"closed","ping_status":"closed","template":"","meta":{"_acf_changed":false,"footnotes":"","_links_to":"","_links_to_target":""},"class_list":["post-3479","page","type-page","status-publish","has-post-thumbnail","hentry"],"acf":[],"publishpress_future_workflow_manual_trigger":{"enabledWorkflows":[]},"_links":{"self":[{"href":"https:\/\/notam.no\/en\/wp-json\/wp\/v2\/pages\/3479","targetHints":{"allow":["GET"]}}],"collection":[{"href":"https:\/\/notam.no\/en\/wp-json\/wp\/v2\/pages"}],"about":[{"href":"https:\/\/notam.no\/en\/wp-json\/wp\/v2\/types\/page"}],"author":[{"embeddable":true,"href":"https:\/\/notam.no\/en\/wp-json\/wp\/v2\/users\/2"}],"replies":[{"embeddable":true,"href":"https:\/\/notam.no\/en\/wp-json\/wp\/v2\/comments?post=3479"}],"version-history":[{"count":0,"href":"https:\/\/notam.no\/en\/wp-json\/wp\/v2\/pages\/3479\/revisions"}],"wp:featuredmedia":[{"embeddable":true,"href":"https:\/\/notam.no\/en\/wp-json\/wp\/v2\/media\/2090"}],"wp:attachment":[{"href":"https:\/\/notam.no\/en\/wp-json\/wp\/v2\/media?parent=3479"}],"curies":[{"name":"wp","href":"https:\/\/api.w.org\/{rel}","templated":true}]}}