{"id":372,"date":"2024-06-21T10:01:38","date_gmt":"2024-06-21T08:01:38","guid":{"rendered":"https:\/\/notam.no\/?page_id=372"},"modified":"2026-01-14T16:48:57","modified_gmt":"2026-01-14T15:48:57","slug":"course-and-meetups","status":"publish","type":"page","link":"https:\/\/notam.no\/en\/kurs-og-meetups\/","title":{"rendered":"Courses and meetups"},"content":{"rendered":"<div data-elementor-type=\"wp-page\" data-elementor-id=\"372\" class=\"elementor elementor-372\" data-elementor-post-type=\"page\">\n\t\t\t\t<div class=\"elementor-element elementor-element-1ebc9165 e-flex e-con-boxed e-con e-parent\" data-id=\"1ebc9165\" data-element_type=\"container\" data-e-type=\"container\">\n\t\t\t\t\t<div class=\"e-con-inner\">\n\t\t\t\t<div class=\"elementor-element elementor-element-4eaef104 elementor-widget elementor-widget-text-editor\" data-id=\"4eaef104\" data-element_type=\"widget\" data-e-type=\"widget\" data-widget_type=\"text-editor.default\">\n\t\t\t\t<div class=\"elementor-widget-container\">\n\t\t\t\t\t\t\t\t\t\n<p>At Notam, we regularly organise courses in programming, electronics development, sound engineering and other relevant topics. Our aim is to strengthen artists' competences so that they can work with new technologies in an investigative and creative way. In this day and age, an understanding of the inner workings of digital media is crucial for artists to be able to fulfil their mission.<\/p>\n\n<p>Notam isa meeting place where people can explore technology, art and music together<em>.\u00a0<\/em>This means that the environment at and around Notam is a vital part of the institution. Monthly, from September to June, we organise meetups, both online and physically at Notam. In addition, Notam hosts Mekkeklubben - a low key meeting where anyone who is interested can go and tinker with electronics together. Find more information about all of Notam's courses and meetups below.\u00a0<\/p>\n\n<p>Whether you're into electronics, programming, sound or visual art, or simply want to see how others work at the intersection of technology, art and music, we welcome you as part of our community.\u00a0<\/p>\n\t\t\t\t\t\t\t\t<\/div>\n\t\t\t\t<\/div>\n\t\t<div class=\"elementor-element elementor-element-91946ca e-grid e-con-full e-con e-child\" data-id=\"91946ca\" data-element_type=\"container\" data-e-type=\"container\">\n\t\t\t\t<div class=\"elementor-element elementor-element-421d61f elementor-position-top elementor-widget elementor-widget-image-box\" data-id=\"421d61f\" data-element_type=\"widget\" data-e-type=\"widget\" data-widget_type=\"image-box.default\">\n\t\t\t\t<div class=\"elementor-widget-container\">\n\t\t\t\t\t<div class=\"elementor-image-box-wrapper\"><figure class=\"elementor-image-box-img\"><a href=\"\/en\/course-and-meetups\/meetups\/\" tabindex=\"-1\"><img fetchpriority=\"high\" decoding=\"async\" width=\"2560\" height=\"1707\" src=\"https:\/\/notam.no\/wp-content\/uploads\/2025\/01\/1-scaled.jpg\" class=\"attachment-full size-full wp-image-2290\" alt=\"\" srcset=\"https:\/\/notam.no\/wp-content\/uploads\/2025\/01\/1-scaled.jpg 2560w, https:\/\/notam.no\/wp-content\/uploads\/2025\/01\/1-scaled-600x400.jpg 600w, https:\/\/notam.no\/wp-content\/uploads\/2025\/01\/1-300x200.jpg 300w, https:\/\/notam.no\/wp-content\/uploads\/2025\/01\/1-1024x683.jpg 1024w, https:\/\/notam.no\/wp-content\/uploads\/2025\/01\/1-768x512.jpg 768w, https:\/\/notam.no\/wp-content\/uploads\/2025\/01\/1-1536x1024.jpg 1536w, https:\/\/notam.no\/wp-content\/uploads\/2025\/01\/1-2048x1365.jpg 2048w, https:\/\/notam.no\/wp-content\/uploads\/2025\/01\/1-18x12.jpg 18w\" sizes=\"(max-width: 2560px) 100vw, 2560px\" \/><\/a><\/figure><div class=\"elementor-image-box-content\"><h3 class=\"elementor-image-box-title\"><a href=\"\/en\/course-and-meetups\/meetups\/\">Meetups<\/a><\/h3><\/div><\/div>\t\t\t\t<\/div>\n\t\t\t\t<\/div>\n\t\t\t\t<div class=\"elementor-element elementor-element-f217808 elementor-position-top elementor-widget elementor-widget-image-box\" data-id=\"f217808\" data-element_type=\"widget\" data-e-type=\"widget\" data-widget_type=\"image-box.default\">\n\t\t\t\t<div class=\"elementor-widget-container\">\n\t\t\t\t\t<div class=\"elementor-image-box-wrapper\"><figure class=\"elementor-image-box-img\"><a href=\"\/en\/course-and-meetups\/course\/\" tabindex=\"-1\"><img decoding=\"async\" width=\"494\" height=\"343\" src=\"https:\/\/notam.no\/wp-content\/uploads\/2024\/04\/notam-bilde.jpg\" class=\"attachment-full size-full wp-image-132\" alt=\"\" srcset=\"https:\/\/notam.no\/wp-content\/uploads\/2024\/04\/notam-bilde.jpg 494w, https:\/\/notam.no\/wp-content\/uploads\/2024\/04\/notam-bilde-300x208.jpg 300w\" sizes=\"(max-width: 494px) 100vw, 494px\" \/><\/a><\/figure><div class=\"elementor-image-box-content\"><h3 class=\"elementor-image-box-title\"><a href=\"\/en\/course-and-meetups\/course\/\">Courses<\/a><\/h3><\/div><\/div>\t\t\t\t<\/div>\n\t\t\t\t<\/div>\n\t\t\t\t<\/div>\n\t\t\t\t\t<\/div>\n\t\t\t\t<\/div>\n\t\t\t\t<\/div>","protected":false},"excerpt":{"rendered":"<p>P\u00e5 Notam arrangerer vi jevnlig kurs for kunstnere, teknologer og studenter i programmering, elektronikkutvikling, lydteknikk og andre relevante temaer. V\u00e5rt \u00f8nske er \u00e5 styrke kunstneres kompetanse slik at de kan jobbe unders\u00f8kende og skapende med nye teknologier. I v\u00e5r tid er kjennskap til informasjonsflyt og de digitale medienes innside avgj\u00f8rende for at kunstnere skal kunne [&hellip;]<\/p>\n","protected":false},"author":1,"featured_media":0,"parent":0,"menu_order":0,"comment_status":"closed","ping_status":"closed","template":"","meta":{"_acf_changed":false,"footnotes":"","_links_to":"","_links_to_target":""},"class_list":["post-372","page","type-page","status-publish","hentry"],"acf":[],"publishpress_future_workflow_manual_trigger":{"enabledWorkflows":[]},"_links":{"self":[{"href":"https:\/\/notam.no\/en\/wp-json\/wp\/v2\/pages\/372","targetHints":{"allow":["GET"]}}],"collection":[{"href":"https:\/\/notam.no\/en\/wp-json\/wp\/v2\/pages"}],"about":[{"href":"https:\/\/notam.no\/en\/wp-json\/wp\/v2\/types\/page"}],"author":[{"embeddable":true,"href":"https:\/\/notam.no\/en\/wp-json\/wp\/v2\/users\/1"}],"replies":[{"embeddable":true,"href":"https:\/\/notam.no\/en\/wp-json\/wp\/v2\/comments?post=372"}],"version-history":[{"count":15,"href":"https:\/\/notam.no\/en\/wp-json\/wp\/v2\/pages\/372\/revisions"}],"predecessor-version":[{"id":4883,"href":"https:\/\/notam.no\/en\/wp-json\/wp\/v2\/pages\/372\/revisions\/4883"}],"wp:attachment":[{"href":"https:\/\/notam.no\/en\/wp-json\/wp\/v2\/media?parent=372"}],"curies":[{"name":"wp","href":"https:\/\/api.w.org\/{rel}","templated":true}]}}