{"id":4257,"date":"2025-10-30T10:44:44","date_gmt":"2025-10-30T09:44:44","guid":{"rendered":"https:\/\/notam.no\/?page_id=4257"},"modified":"2025-11-19T16:59:34","modified_gmt":"2025-11-19T15:59:34","slug":"symposium-for-instrumentbygging","status":"publish","type":"page","link":"https:\/\/notam.no\/en\/symposium-for-instrumentbygging\/","title":{"rendered":"Symposium for instrument building"},"content":{"rendered":"<div data-elementor-type=\"wp-page\" data-elementor-id=\"4257\" class=\"elementor elementor-4257\" data-elementor-post-type=\"page\">\n\t\t\t\t<div class=\"elementor-element elementor-element-3f5f9f34 e-flex e-con-boxed e-con e-parent\" data-id=\"3f5f9f34\" data-element_type=\"container\" data-e-type=\"container\">\n\t\t\t\t\t<div class=\"e-con-inner\">\n\t\t\t\t<div class=\"elementor-element elementor-element-ad40d68 elementor-widget elementor-widget-image\" data-id=\"ad40d68\" data-element_type=\"widget\" data-e-type=\"widget\" data-widget_type=\"image.default\">\n\t\t\t\t<div class=\"elementor-widget-container\">\n\t\t\t\t\t\t\t\t\t\t\t\t\t\t\t<img decoding=\"async\" src=\"https:\/\/notam.no\/wp-content\/uploads\/2025\/11\/Inscription-SoMe2.png\" title=\"\" alt=\"\" loading=\"lazy\" \/>\t\t\t\t\t\t\t\t\t\t\t\t\t\t\t<\/div>\n\t\t\t\t<\/div>\n\t\t\t\t<div class=\"elementor-element elementor-element-af60c4f elementor-widget-divider--view-line elementor-widget elementor-widget-divider\" data-id=\"af60c4f\" data-element_type=\"widget\" data-e-type=\"widget\" data-widget_type=\"divider.default\">\n\t\t\t\t<div class=\"elementor-widget-container\">\n\t\t\t\t\t\t\t<div class=\"elementor-divider\">\n\t\t\t<span class=\"elementor-divider-separator\">\n\t\t\t\t\t\t<\/span>\n\t\t<\/div>\n\t\t\t\t\t\t<\/div>\n\t\t\t\t<\/div>\n\t\t\t\t<div class=\"elementor-element elementor-element-e30b782 elementor-widget elementor-widget-text-editor\" data-id=\"e30b782\" data-element_type=\"widget\" data-e-type=\"widget\" data-widget_type=\"text-editor.default\">\n\t\t\t\t<div class=\"elementor-widget-container\">\n\t\t\t\t\t\t\t\t\t<p>On 20 and 21 November, Axel Vatne Barratt-Due, Notam, the Norwegian Academy of Music and nyMusikk are organising a symposium for instrument making. Established instrument builders will meet to share knowledge and discuss their instruments and work processes. The symposium will take place at Notam and will present works by Cathy van Eck, Thorolf Thuestad with Alwynne Pritchard, Marije Baalman, Cecilia Jonsson, Harald Jordal Johannessen, Simon L\u00f8ffler with Tanja Orning, Axel Vatne Barratt-Due, and Christian Blom.\u00a0<\/p>\t\t\t\t\t\t\t\t<\/div>\n\t\t\t\t<\/div>\n\t\t<div class=\"elementor-element elementor-element-fdb02d9 e-grid e-transform e-con-full e-con e-child\" data-id=\"fdb02d9\" data-element_type=\"container\" data-e-type=\"container\" data-settings=\"{&quot;_transform_scale_effect&quot;:{&quot;unit&quot;:&quot;px&quot;,&quot;size&quot;:1,&quot;sizes&quot;:[]},&quot;_transform_scale_effect_tablet&quot;:{&quot;unit&quot;:&quot;px&quot;,&quot;size&quot;:&quot;&quot;,&quot;sizes&quot;:[]},&quot;_transform_scale_effect_mobile&quot;:{&quot;unit&quot;:&quot;px&quot;,&quot;size&quot;:&quot;&quot;,&quot;sizes&quot;:[]}}\">\n\t\t\t\t<div class=\"elementor-element elementor-element-e46ce95 elementor-widget elementor-widget-text-editor\" data-id=\"e46ce95\" data-element_type=\"widget\" data-e-type=\"widget\" data-widget_type=\"text-editor.default\">\n\t\t\t\t<div class=\"elementor-widget-container\">\n\t\t\t\t\t\t\t\t\t<p><strong>Thursday November 20th<br \/><em>Presentations and performances\u00a0<br \/><\/em><\/strong>Doors open at 11:30.<\/p><p><strong>12:00 - 16:00:<\/strong><br \/>Harald Jordal Johannessen<br \/>Simon L\u00f8ffler with Tanja Orning<br \/>Christian Blom<br \/>Cecilia Jonsson<br \/>Marije Baalman<\/p><p><strong>17:30 - 20:30<br \/><\/strong>Cathy van Eck<br \/>Axel Barratt-Due<br \/>Thorolf Thuestad with Alwynne Pritchard<\/p>\t\t\t\t\t\t\t\t<\/div>\n\t\t\t\t<\/div>\n\t\t\t\t<div class=\"elementor-element elementor-element-6d8ebed elementor-widget elementor-widget-text-editor\" data-id=\"6d8ebed\" data-element_type=\"widget\" data-e-type=\"widget\" data-widget_type=\"text-editor.default\">\n\t\t\t\t<div class=\"elementor-widget-container\">\n\t\t\t\t\t\t\t\t\t<p><strong>Friday November 21st<br \/><em>Seminar and panel discussion<\/em><br \/><\/strong>Doors open at 09:30.<br \/><br \/>Panel discussion chaired by philosopher and musicologist Patrick Valiquet.<\/p>\n<p><strong>10:00 - 14:00:<br \/><\/strong>Seminar and panel discussion.<\/p>\t\t\t\t\t\t\t\t<\/div>\n\t\t\t\t<\/div>\n\t\t\t\t<\/div>\n\t\t\t\t<div class=\"elementor-element elementor-element-38d279a elementor-widget elementor-widget-text-editor\" data-id=\"38d279a\" data-element_type=\"widget\" data-e-type=\"widget\" data-widget_type=\"text-editor.default\">\n\t\t\t\t<div class=\"elementor-widget-container\">\n\t\t\t\t\t\t\t\t\t<p>The role of the instrument in contemporary music research has shifted, from simply translating a person\u2019s ideas into sounds, to dramatizing music\u2019s diverse relationships with the broader social forms of communication, desire, labour, power and time.\u00a0<\/p><p>What do we gain by understanding musical instruments not as the causes of this shift, but as its limits, manifesting the breakdowns and imperfections inherent in specific technical forms of feeling, mind, perception, belonging and tradition? How must we redefine the \u2018progress\u2019 of music technology for a time when there is no more nature to master, and when humans are no longer marked as exceptional in terms of authenticity, creativity or intelligence? What can instrument builders do to subvert contemporary myths of technological salvation and annihilation?\u00a0<\/p><p>Concepts from the writing of twentieth-century researcher-activists Ursula Franklin and Gilbert Simondon will inform moderated discussions with invited artists about the evolving boundaries of instrument building practice. \n\nThe symposium follows a reading group initiated by Axel Vatne Barratt-Due in collaboration with music philosopher Patrick Valiquet, which took place at Notam from March to November 2025.\u00a0<br \/><br \/>The event will be held in English. The symposium is a free event.\u00a0<\/p>\t\t\t\t\t\t\t\t<\/div>\n\t\t\t\t<\/div>\n\t\t\t\t<div class=\"elementor-element elementor-element-8ea1a31 elementor-widget elementor-widget-text-editor\" data-id=\"8ea1a31\" data-element_type=\"widget\" data-e-type=\"widget\" data-widget_type=\"text-editor.default\">\n\t\t\t\t<div class=\"elementor-widget-container\">\n\t\t\t\t\t\t\t\t\t<h5>Participating artists at the Symposium for instument building 2025<\/h5>\t\t\t\t\t\t\t\t<\/div>\n\t\t\t\t<\/div>\n\t\t\t\t<div class=\"elementor-element elementor-element-b79a064 elementor-widget-divider--view-line elementor-widget elementor-widget-divider\" data-id=\"b79a064\" data-element_type=\"widget\" data-e-type=\"widget\" data-widget_type=\"divider.default\">\n\t\t\t\t<div class=\"elementor-widget-container\">\n\t\t\t\t\t\t\t<div class=\"elementor-divider\">\n\t\t\t<span class=\"elementor-divider-separator\">\n\t\t\t\t\t\t<\/span>\n\t\t<\/div>\n\t\t\t\t\t\t<\/div>\n\t\t\t\t<\/div>\n\t\t\t\t<div class=\"elementor-element elementor-element-4d7c1c9 elementor-widget elementor-widget-spacer\" data-id=\"4d7c1c9\" data-element_type=\"widget\" data-e-type=\"widget\" data-widget_type=\"spacer.default\">\n\t\t\t\t<div class=\"elementor-widget-container\">\n\t\t\t\t\t\t\t<div class=\"elementor-spacer\">\n\t\t\t<div class=\"elementor-spacer-inner\"><\/div>\n\t\t<\/div>\n\t\t\t\t\t\t<\/div>\n\t\t\t\t<\/div>\n\t\t\t\t\t<\/div>\n\t\t\t\t<\/div>\n\t\t<div class=\"elementor-element elementor-element-337ad18 e-grid e-con-boxed e-con e-parent\" data-id=\"337ad18\" data-element_type=\"container\" data-e-type=\"container\">\n\t\t\t\t\t<div class=\"e-con-inner\">\n\t\t\t\t<div class=\"elementor-element elementor-element-4c98c83 elementor-position-top elementor-widget elementor-widget-image-box\" data-id=\"4c98c83\" data-element_type=\"widget\" data-e-type=\"widget\" data-widget_type=\"image-box.default\">\n\t\t\t\t<div class=\"elementor-widget-container\">\n\t\t\t\t\t<div class=\"elementor-image-box-wrapper\"><figure class=\"elementor-image-box-img\"><a href=\"https:\/\/www.instagram.com\/haraldjordal\/\" tabindex=\"-1\" target=\"_blank\" rel=\"noopener\"><img fetchpriority=\"high\" decoding=\"async\" width=\"2088\" height=\"2088\" src=\"https:\/\/notam.no\/wp-content\/uploads\/2025\/10\/Harald-JordalFoto-Koka-Nikoladze.jpeg\" class=\"attachment-full size-full wp-image-4262\" alt=\"\" srcset=\"https:\/\/notam.no\/wp-content\/uploads\/2025\/10\/Harald-JordalFoto-Koka-Nikoladze.jpeg 2088w, https:\/\/notam.no\/wp-content\/uploads\/2025\/10\/Harald-JordalFoto-Koka-Nikoladze-300x300.jpeg 300w, https:\/\/notam.no\/wp-content\/uploads\/2025\/10\/Harald-JordalFoto-Koka-Nikoladze-1024x1024.jpeg 1024w, https:\/\/notam.no\/wp-content\/uploads\/2025\/10\/Harald-JordalFoto-Koka-Nikoladze-150x150.jpeg 150w, https:\/\/notam.no\/wp-content\/uploads\/2025\/10\/Harald-JordalFoto-Koka-Nikoladze-768x768.jpeg 768w, https:\/\/notam.no\/wp-content\/uploads\/2025\/10\/Harald-JordalFoto-Koka-Nikoladze-1536x1536.jpeg 1536w, https:\/\/notam.no\/wp-content\/uploads\/2025\/10\/Harald-JordalFoto-Koka-Nikoladze-2048x2048.jpeg 2048w, https:\/\/notam.no\/wp-content\/uploads\/2025\/10\/Harald-JordalFoto-Koka-Nikoladze-12x12.jpeg 12w, https:\/\/notam.no\/wp-content\/uploads\/2025\/10\/Harald-JordalFoto-Koka-Nikoladze-600x600.jpeg 600w, https:\/\/notam.no\/wp-content\/uploads\/2025\/10\/Harald-JordalFoto-Koka-Nikoladze-100x100.jpeg 100w\" sizes=\"(max-width: 2088px) 100vw, 2088px\" \/><\/a><\/figure><div class=\"elementor-image-box-content\"><h3 class=\"elementor-image-box-title\"><a href=\"https:\/\/www.instagram.com\/haraldjordal\/\" target=\"_blank\" rel=\"noopener\">Harald Jordal Johannessen<\/a><\/h3><p class=\"elementor-image-box-description\">During the symposium, Harald Jordal Johannessen will present his latest work. In his practice, Jordal Johannessen works towards reduction, essence and a pared-down expression. During the presentation, the audience will hear about the work with this piece and the way into a new material. <\/p><\/div><\/div>\t\t\t\t<\/div>\n\t\t\t\t<\/div>\n\t\t\t\t<div class=\"elementor-element elementor-element-54eccae elementor-position-top elementor-widget elementor-widget-image-box\" data-id=\"54eccae\" data-element_type=\"widget\" data-e-type=\"widget\" data-widget_type=\"image-box.default\">\n\t\t\t\t<div class=\"elementor-widget-container\">\n\t\t\t\t\t<div class=\"elementor-image-box-wrapper\"><figure class=\"elementor-image-box-img\"><a href=\"https:\/\/www.cathyvaneck.net\/biography\/\" tabindex=\"-1\" target=\"_blank\" rel=\"noopener\"><img decoding=\"async\" src=\"https:\/\/notam.no\/wp-content\/uploads\/2025\/11\/vaneck600x600-scaled.jpg\" title=\"\" alt=\"\" loading=\"lazy\" \/><\/a><\/figure><div class=\"elementor-image-box-content\"><h3 class=\"elementor-image-box-title\"><a href=\"https:\/\/www.cathyvaneck.net\/biography\/\" target=\"_blank\" rel=\"noopener\">Cathy van Eck <\/a><\/h3><p class=\"elementor-image-box-description\">During Symposium you can experience the performance Empty Chairs (2019) by Cathy van Eck. Cathy van Eck (1979) is a composer, sound artist and researcher. In her practice, she works with compositions based on the relationship between everyday objects, human performers and sound. <\/p><\/div><\/div>\t\t\t\t<\/div>\n\t\t\t\t<\/div>\n\t\t\t\t<div class=\"elementor-element elementor-element-d45fa97 elementor-position-top elementor-widget elementor-widget-image-box\" data-id=\"d45fa97\" data-element_type=\"widget\" data-e-type=\"widget\" data-widget_type=\"image-box.default\">\n\t\t\t\t<div class=\"elementor-widget-container\">\n\t\t\t\t\t<div class=\"elementor-image-box-wrapper\"><figure class=\"elementor-image-box-img\"><a href=\"https:\/\/www.simonloeffler.dk\/about\" tabindex=\"-1\" target=\"_blank\" rel=\"noopener\"><img decoding=\"async\" width=\"2560\" height=\"2560\" src=\"https:\/\/notam.no\/wp-content\/uploads\/2025\/10\/Simon-Loffler_uten-kreditering-scaled.jpg\" class=\"attachment-full size-full wp-image-4258\" alt=\"\" srcset=\"https:\/\/notam.no\/wp-content\/uploads\/2025\/10\/Simon-Loffler_uten-kreditering-scaled.jpg 2560w, https:\/\/notam.no\/wp-content\/uploads\/2025\/10\/Simon-Loffler_uten-kreditering-300x300.jpg 300w, https:\/\/notam.no\/wp-content\/uploads\/2025\/10\/Simon-Loffler_uten-kreditering-1024x1024.jpg 1024w, https:\/\/notam.no\/wp-content\/uploads\/2025\/10\/Simon-Loffler_uten-kreditering-150x150.jpg 150w, https:\/\/notam.no\/wp-content\/uploads\/2025\/10\/Simon-Loffler_uten-kreditering-768x768.jpg 768w, https:\/\/notam.no\/wp-content\/uploads\/2025\/10\/Simon-Loffler_uten-kreditering-1536x1536.jpg 1536w, https:\/\/notam.no\/wp-content\/uploads\/2025\/10\/Simon-Loffler_uten-kreditering-2048x2048.jpg 2048w, https:\/\/notam.no\/wp-content\/uploads\/2025\/10\/Simon-Loffler_uten-kreditering-12x12.jpg 12w, https:\/\/notam.no\/wp-content\/uploads\/2025\/10\/Simon-Loffler_uten-kreditering-600x600.jpg 600w, https:\/\/notam.no\/wp-content\/uploads\/2025\/10\/Simon-Loffler_uten-kreditering-100x100.jpg 100w\" sizes=\"(max-width: 2560px) 100vw, 2560px\" \/><\/a><\/figure><div class=\"elementor-image-box-content\"><h3 class=\"elementor-image-box-title\"><a href=\"https:\/\/www.simonloeffler.dk\/about\" target=\"_blank\" rel=\"noopener\">Simon L\u00f8ffler <\/a><\/h3><p class=\"elementor-image-box-description\">During the Symposium, Simon L\u00f8ffler will present various instruments from his practice, as well as show excerpts from a new commissioned work, performed by Tanja Orning, premiering in 2026.<\/p><\/div><\/div>\t\t\t\t<\/div>\n\t\t\t\t<\/div>\n\t\t\t\t<div class=\"elementor-element elementor-element-feb2db7 elementor-position-top elementor-widget elementor-widget-image-box\" data-id=\"feb2db7\" data-element_type=\"widget\" data-e-type=\"widget\" data-widget_type=\"image-box.default\">\n\t\t\t\t<div class=\"elementor-widget-container\">\n\t\t\t\t\t<div class=\"elementor-image-box-wrapper\"><figure class=\"elementor-image-box-img\"><a href=\"https:\/\/www.tanjaorning.com\/\" tabindex=\"-1\" target=\"_blank\" rel=\"noopener\"><img decoding=\"async\" src=\"https:\/\/notam.no\/wp-content\/uploads\/2025\/11\/orning-1.jpg\" title=\"\" alt=\"\" loading=\"lazy\" \/><\/a><\/figure><div class=\"elementor-image-box-content\"><h3 class=\"elementor-image-box-title\"><a href=\"https:\/\/www.tanjaorning.com\/\" target=\"_blank\" rel=\"noopener\">Tanja Orning <\/a><\/h3><p class=\"elementor-image-box-description\">Tanja Orning is a contemporary cellist, musicologist and composer from Oslo. Orning specialises in working with and performing new and experimental music, including both notated and improvised music.<\/p><\/div><\/div>\t\t\t\t<\/div>\n\t\t\t\t<\/div>\n\t\t\t\t<div class=\"elementor-element elementor-element-dd96fc8 elementor-position-top elementor-widget elementor-widget-image-box\" data-id=\"dd96fc8\" data-element_type=\"widget\" data-e-type=\"widget\" data-widget_type=\"image-box.default\">\n\t\t\t\t<div class=\"elementor-widget-container\">\n\t\t\t\t\t<div class=\"elementor-image-box-wrapper\"><figure class=\"elementor-image-box-img\"><a href=\"https:\/\/marijebaalman.eu\/biography.html\" tabindex=\"-1\" target=\"_blank\" rel=\"noopener\"><img decoding=\"async\" src=\"https:\/\/notam.no\/wp-content\/uploads\/2025\/11\/baalman600x600-scaled.jpg\" title=\"\" alt=\"\" loading=\"lazy\" \/><\/a><\/figure><div class=\"elementor-image-box-content\"><h3 class=\"elementor-image-box-title\"><a href=\"https:\/\/marijebaalman.eu\/biography.html\" target=\"_blank\" rel=\"noopener\">Marije Baalman<\/a><\/h3><p class=\"elementor-image-box-description\">During the Symposium you can experience the performative lecture Composing an Interaction with Marije Baalman. In this performance, Balmaan demonstrates how artists can utilise her book Composing Interactions in the process of creating interactive artworks. <\/p><\/div><\/div>\t\t\t\t<\/div>\n\t\t\t\t<\/div>\n\t\t\t\t<div class=\"elementor-element elementor-element-a49ea05 elementor-position-top elementor-widget elementor-widget-image-box\" data-id=\"a49ea05\" data-element_type=\"widget\" data-e-type=\"widget\" data-widget_type=\"image-box.default\">\n\t\t\t\t<div class=\"elementor-widget-container\">\n\t\t\t\t\t<div class=\"elementor-image-box-wrapper\"><figure class=\"elementor-image-box-img\"><a href=\"https:\/\/www.ceciliajonsson.com\/about\" tabindex=\"-1\" target=\"_blank\" rel=\"noopener\"><img decoding=\"async\" src=\"https:\/\/notam.no\/wp-content\/uploads\/2025\/11\/jonsson600x600-scaled.jpg\" title=\"\" alt=\"\" loading=\"lazy\" \/><\/a><\/figure><div class=\"elementor-image-box-content\"><h3 class=\"elementor-image-box-title\"><a href=\"https:\/\/www.ceciliajonsson.com\/about\" target=\"_blank\" rel=\"noopener\">Cecilia Jonsson<\/a><\/h3><p class=\"elementor-image-box-description\">During the symposium, Cecilia Jonsson will give a presentation of her artistic practice, with a special focus on her investigation of the environmental legacy of iron. During the presentation, Jonsson will show previous works such as The Original Arrangement was for a Solo Violin and a String Orchestra (2012), and Contemporary Diagram - Berlin (2018). <\/p><\/div><\/div>\t\t\t\t<\/div>\n\t\t\t\t<\/div>\n\t\t\t\t<div class=\"elementor-element elementor-element-a08c46d elementor-position-top elementor-widget elementor-widget-image-box\" data-id=\"a08c46d\" data-element_type=\"widget\" data-e-type=\"widget\" data-widget_type=\"image-box.default\">\n\t\t\t\t<div class=\"elementor-widget-container\">\n\t\t\t\t\t<div class=\"elementor-image-box-wrapper\"><figure class=\"elementor-image-box-img\"><a href=\"https:\/\/www.thorolf-thuestad.com\/about\" tabindex=\"-1\" target=\"_blank\" rel=\"noopener\"><img decoding=\"async\" src=\"https:\/\/notam.no\/wp-content\/uploads\/2025\/11\/thuestad600x600-scaled.jpg\" title=\"\" alt=\"\" loading=\"lazy\" \/><\/a><\/figure><div class=\"elementor-image-box-content\"><h3 class=\"elementor-image-box-title\"><a href=\"https:\/\/www.thorolf-thuestad.com\/about\" target=\"_blank\" rel=\"noopener\">Thorolf Thuestad &amp; Alwynne Pritchard <\/a><\/h3><p class=\"elementor-image-box-description\">During the symposium you can experience Inscription by Thorolf Thuestad and Alwynne Pritchard. The work explores how non-representational kinetic objects can create emotional responses. The project is based on the idea that the affect experienced when encountering art in general, and time-based musical compositions for kinetic objects specifically, may be related to our inherent tendency to animate.<\/p><\/div><\/div>\t\t\t\t<\/div>\n\t\t\t\t<\/div>\n\t\t\t\t<div class=\"elementor-element elementor-element-d84e348 elementor-position-top elementor-widget elementor-widget-image-box\" data-id=\"d84e348\" data-element_type=\"widget\" data-e-type=\"widget\" data-widget_type=\"image-box.default\">\n\t\t\t\t<div class=\"elementor-widget-container\">\n\t\t\t\t\t<div class=\"elementor-image-box-wrapper\"><figure class=\"elementor-image-box-img\"><a href=\"https:\/\/www.instagram.com\/axel_tangent\/\" tabindex=\"-1\" target=\"_blank\" rel=\"noopener\"><img decoding=\"async\" src=\"https:\/\/notam.no\/wp-content\/uploads\/2025\/11\/axel600x600-scaled.jpg\" title=\"\" alt=\"\" loading=\"lazy\" \/><\/a><\/figure><div class=\"elementor-image-box-content\"><h3 class=\"elementor-image-box-title\"><a href=\"https:\/\/www.instagram.com\/axel_tangent\/\" target=\"_blank\" rel=\"noopener\">Axel Vatne Barratt Due<\/a><\/h3><p class=\"elementor-image-box-description\">During the symposium for instrument building, Axel Barratt Due participates with the performance De motu cordis (about the movement of the heart). In this work, a circuit of pneumatic technique is built with compromised air and fake blood. The instrument is used to track the physical substances of the music in motion. An external organ that hunts the internal organs of music. <\/p><\/div><\/div>\t\t\t\t<\/div>\n\t\t\t\t<\/div>\n\t\t\t\t<div class=\"elementor-element elementor-element-d782de7 elementor-position-top elementor-widget elementor-widget-image-box\" data-id=\"d782de7\" data-element_type=\"widget\" data-e-type=\"widget\" data-widget_type=\"image-box.default\">\n\t\t\t\t<div class=\"elementor-widget-container\">\n\t\t\t\t\t<div class=\"elementor-image-box-wrapper\"><figure class=\"elementor-image-box-img\"><a href=\"https:\/\/vimeo.com\/user47473836\" tabindex=\"-1\" target=\"_blank\" rel=\"noopener\"><img decoding=\"async\" src=\"https:\/\/notam.no\/wp-content\/uploads\/2025\/11\/blom600x600-scaled.jpg\" title=\"\" alt=\"\" loading=\"lazy\" \/><\/a><\/figure><div class=\"elementor-image-box-content\"><h3 class=\"elementor-image-box-title\"><a href=\"https:\/\/vimeo.com\/user47473836\" target=\"_blank\" rel=\"noopener\">Christian Blom<\/a><\/h3><p class=\"elementor-image-box-description\">During the symposium, Christian Blom will exhibit a new kinetic and sculptural instrument. At the opening, Blom will share key points in the working process, aesthetic considerations and technical solutions. <\/p><\/div><\/div>\t\t\t\t<\/div>\n\t\t\t\t<\/div>\n\t\t\t\t\t<\/div>\n\t\t\t\t<\/div>\n\t\t<div class=\"elementor-element elementor-element-d9b106c e-flex e-con-boxed e-con e-parent\" data-id=\"d9b106c\" data-element_type=\"container\" data-e-type=\"container\">\n\t\t\t\t\t<div class=\"e-con-inner\">\n\t\t\t\t<div class=\"elementor-element elementor-element-aa9d417 elementor-widget elementor-widget-spacer\" data-id=\"aa9d417\" data-element_type=\"widget\" data-e-type=\"widget\" data-widget_type=\"spacer.default\">\n\t\t\t\t<div class=\"elementor-widget-container\">\n\t\t\t\t\t\t\t<div class=\"elementor-spacer\">\n\t\t\t<div class=\"elementor-spacer-inner\"><\/div>\n\t\t<\/div>\n\t\t\t\t\t\t<\/div>\n\t\t\t\t<\/div>\n\t\t\t\t<div class=\"elementor-element elementor-element-1072336 elementor-widget elementor-widget-spacer\" data-id=\"1072336\" data-element_type=\"widget\" data-e-type=\"widget\" data-widget_type=\"spacer.default\">\n\t\t\t\t<div class=\"elementor-widget-container\">\n\t\t\t\t\t\t\t<div class=\"elementor-spacer\">\n\t\t\t<div class=\"elementor-spacer-inner\"><\/div>\n\t\t<\/div>\n\t\t\t\t\t\t<\/div>\n\t\t\t\t<\/div>\n\t\t\t\t<div class=\"elementor-element elementor-element-f282655 elementor-widget-divider--view-line elementor-widget elementor-widget-divider\" data-id=\"f282655\" data-element_type=\"widget\" data-e-type=\"widget\" data-widget_type=\"divider.default\">\n\t\t\t\t<div class=\"elementor-widget-container\">\n\t\t\t\t\t\t\t<div class=\"elementor-divider\">\n\t\t\t<span class=\"elementor-divider-separator\">\n\t\t\t\t\t\t<\/span>\n\t\t<\/div>\n\t\t\t\t\t\t<\/div>\n\t\t\t\t<\/div>\n\t\t\t\t<div class=\"elementor-element elementor-element-416f254 elementor-widget elementor-widget-text-editor\" data-id=\"416f254\" data-element_type=\"widget\" data-e-type=\"widget\" data-widget_type=\"text-editor.default\">\n\t\t\t\t<div class=\"elementor-widget-container\">\n\t\t\t\t\t\t\t\t\t<p><i>Header photo: Detail from process photo \"Inscription\" by Neither Nor (Alwynne Pritchard and Thorolf Thuestad).\u00a0<\/i><i><\/i><\/p><p><i>Photo Cathy van Eck: Marije Baalman<\/i><br \/><i>Photo Harald Jordal: Koka Nikoladze<\/i><br \/><i>Photo Marije Baalman: Pieter Kers \/ beeld.nu<br \/>Photo Tanja Orning: Juliane Sch\u00fctz<\/i><br \/><i>Photo Thorolf Thuestad: \"For one - for many - for all\" - Thor Br\u00f8dreskift<\/i><br \/><i>Photo, Cecilia Jonsson: Contemporary Diagram - Berlin (2018). Process photo at the sewage research facility of the Berliner Wasserbetriebe, Germany. 2018 Cecilia Jonsson, Singuhr e.V., Roman M\u00e4rz. Photo_ Roman M\u00e4rz.\u00a0<\/i><br \/><i>Photo Christian Blom: Koka Nikoladze<\/i><i><\/i><\/p>\t\t\t\t\t\t\t\t<\/div>\n\t\t\t\t<\/div>\n\t\t\t\t\t<\/div>\n\t\t\t\t<\/div>\n\t\t\t\t<\/div>","protected":false},"excerpt":{"rendered":"<p>Den 20. og 21. november arrangerer Axel Vatne Barratt-Due, Notam, Norges Musikkh\u00f8gskole og nyMusikk et symposium for instrumentbygging. Her vil etablerte instrumentbyggere m\u00f8tes for \u00e5 dele kunnskap, og diskutere sine instrumenter og arbeidsprosesser. Symposiet finner sted ved Notam og vil presentere verk av Cathy van Eck, Thorolf Thuestad med Alwynne Pritchard, Marije Baalman, Cecilia Jonsson, [&hellip;]<\/p>\n","protected":false},"author":2,"featured_media":4285,"parent":0,"menu_order":0,"comment_status":"closed","ping_status":"closed","template":"","meta":{"_acf_changed":false,"footnotes":"","_links_to":"","_links_to_target":""},"class_list":["post-4257","page","type-page","status-publish","has-post-thumbnail","hentry"],"acf":[],"publishpress_future_workflow_manual_trigger":{"enabledWorkflows":[]},"_links":{"self":[{"href":"https:\/\/notam.no\/en\/wp-json\/wp\/v2\/pages\/4257","targetHints":{"allow":["GET"]}}],"collection":[{"href":"https:\/\/notam.no\/en\/wp-json\/wp\/v2\/pages"}],"about":[{"href":"https:\/\/notam.no\/en\/wp-json\/wp\/v2\/types\/page"}],"author":[{"embeddable":true,"href":"https:\/\/notam.no\/en\/wp-json\/wp\/v2\/users\/2"}],"replies":[{"embeddable":true,"href":"https:\/\/notam.no\/en\/wp-json\/wp\/v2\/comments?post=4257"}],"version-history":[{"count":64,"href":"https:\/\/notam.no\/en\/wp-json\/wp\/v2\/pages\/4257\/revisions"}],"predecessor-version":[{"id":4508,"href":"https:\/\/notam.no\/en\/wp-json\/wp\/v2\/pages\/4257\/revisions\/4508"}],"wp:featuredmedia":[{"embeddable":true,"href":"https:\/\/notam.no\/en\/wp-json\/wp\/v2\/media\/4285"}],"wp:attachment":[{"href":"https:\/\/notam.no\/en\/wp-json\/wp\/v2\/media?parent=4257"}],"curies":[{"name":"wp","href":"https:\/\/api.w.org\/{rel}","templated":true}]}}