{"id":546,"date":"2024-08-28T09:29:27","date_gmt":"2024-08-28T07:29:27","guid":{"rendered":"https:\/\/notam.no\/?page_id=546"},"modified":"2026-01-14T16:29:33","modified_gmt":"2026-01-14T15:29:33","slug":"about-us","status":"publish","type":"page","link":"https:\/\/notam.no\/en\/om-oss\/","title":{"rendered":"About us"},"content":{"rendered":"<div data-elementor-type=\"wp-page\" data-elementor-id=\"546\" class=\"elementor elementor-546\" data-elementor-post-type=\"page\">\n\t\t\t\t<div class=\"elementor-element elementor-element-47c177ab e-flex e-con-boxed e-con e-parent\" data-id=\"47c177ab\" data-element_type=\"container\" data-e-type=\"container\">\n\t\t\t\t\t<div class=\"e-con-inner\">\n\t\t\t\t<div class=\"elementor-element elementor-element-7122e91a elementor-widget elementor-widget-text-editor\" data-id=\"7122e91a\" data-element_type=\"widget\" data-e-type=\"widget\" data-widget_type=\"text-editor.default\">\n\t\t\t\t<div class=\"elementor-widget-container\">\n\t\t\t\t\t\t\t\t\t\n<p>Notam is the\u00a0<em>Norwegian Centre for Technology, Art and Music.\u00a0<\/em><br \/><br \/>We are a centre for all artists in the independent field who work with art, music and technology. We work along the entire value chain from idea development to the dissemination of finished works. Our activities are divided into the following core areas:<\/p>\n<ul>\n<li>Help for creative work<\/li>\n<li>Research and development<\/li>\n<li>Education and training<\/li>\n<li>Dissemination<\/li>\n<\/ul>\n\t\t\t\t\t\t\t\t<\/div>\n\t\t\t\t<\/div>\n\t\t<div class=\"elementor-element elementor-element-441e4ea e-con-full e-flex e-con e-child\" data-id=\"441e4ea\" data-element_type=\"container\" data-e-type=\"container\">\n\t\t\t\t<div class=\"elementor-element elementor-element-5faa8f2 elementor-widget elementor-widget-image\" data-id=\"5faa8f2\" data-element_type=\"widget\" data-e-type=\"widget\" data-widget_type=\"image.default\">\n\t\t\t\t<div class=\"elementor-widget-container\">\n\t\t\t\t\t\t\t\t\t\t\t\t\t\t\t<img fetchpriority=\"high\" decoding=\"async\" width=\"2560\" height=\"1707\" src=\"https:\/\/notam.no\/wp-content\/uploads\/2024\/12\/DSC07890-scaled.jpg\" class=\"attachment-full size-full wp-image-2002\" alt=\"\" srcset=\"https:\/\/notam.no\/wp-content\/uploads\/2024\/12\/DSC07890-scaled.jpg 2560w, https:\/\/notam.no\/wp-content\/uploads\/2024\/12\/DSC07890-scaled-600x400.jpg 600w, https:\/\/notam.no\/wp-content\/uploads\/2024\/12\/DSC07890-300x200.jpg 300w, https:\/\/notam.no\/wp-content\/uploads\/2024\/12\/DSC07890-1024x683.jpg 1024w, https:\/\/notam.no\/wp-content\/uploads\/2024\/12\/DSC07890-768x512.jpg 768w, https:\/\/notam.no\/wp-content\/uploads\/2024\/12\/DSC07890-1536x1024.jpg 1536w, https:\/\/notam.no\/wp-content\/uploads\/2024\/12\/DSC07890-2048x1365.jpg 2048w, https:\/\/notam.no\/wp-content\/uploads\/2024\/12\/DSC07890-18x12.jpg 18w\" sizes=\"(max-width: 2560px) 100vw, 2560px\" \/>\t\t\t\t\t\t\t\t\t\t\t\t\t\t\t<\/div>\n\t\t\t\t<\/div>\n\t\t\t\t<\/div>\n\t\t\t\t<div class=\"elementor-element elementor-element-8468380 elementor-widget elementor-widget-text-editor\" data-id=\"8468380\" data-element_type=\"widget\" data-e-type=\"widget\" data-widget_type=\"text-editor.default\">\n\t\t\t\t<div class=\"elementor-widget-container\">\n\t\t\t\t\t\t\t\t\t<p><i>Help for creative work<\/i> is Notam's main area of expertise. We have expertise in development, electronics, research, sound engineering, music and art. We use this expertise to develop solutions and projects in collaboration with artists. Throughout the year, several hundred artists use Notam's resources.<\/p>\n<p><i>Research and development<\/i> is important to contribute to the field and to develop our own expertise. Our business is knowledge-based and we have a responsibility to develop and share knowledge. Notam publishes articles, supervises research fellows and participates in research projects in the university and university college sector.\u00a0<\/p>\n<p><i>Education and training<\/i> is important for strengthening the individual artist and the field as such. Notam trains artists and students in programming, sound engineering and other relevant topics. Our aim is to strengthen artists' creative competences so that they can work in an investigative and creative way with new technologies.\u00a0<\/p>\n<p><i>Dissemination<\/i> of artistic expression in the public sphere is the final and crucial part of Notam's activities. Through concerts and exhibitions, we endeavour to strengthen the breadth of Norwegian and international culture.\u00a0<\/p>\t\t\t\t\t\t\t\t<\/div>\n\t\t\t\t<\/div>\n\t\t\t\t\t<\/div>\n\t\t\t\t<\/div>\n\t\t<div class=\"elementor-element elementor-element-5c00de1 e-flex e-con-boxed e-con e-parent\" data-id=\"5c00de1\" data-element_type=\"container\" data-e-type=\"container\" data-settings=\"{&quot;background_background&quot;:&quot;classic&quot;}\">\n\t\t\t\t\t<div class=\"e-con-inner\">\n\t\t\t\t<div class=\"elementor-element elementor-element-290bc91 elementor-widget elementor-widget-text-editor\" data-id=\"290bc91\" data-element_type=\"widget\" data-e-type=\"widget\" data-widget_type=\"text-editor.default\">\n\t\t\t\t<div class=\"elementor-widget-container\">\n\t\t\t\t\t\t\t\t\t<p>Notam rents out offices to artists and start-ups, and together we make up about 12 people who have Notam as their daily workplace. In our collective, for example, the video artist meets one of our international guest artists and in conversation with the physicist, we get one of Notam's strong features; to be an interdisciplinary meeting place for ideas.<\/p>\n<p>Notam is primarily funded by the Arts Council Norway and the Composers' Remuneration Fund. For the remodelling of Notam's new premises in 2023-24, we received grants from the Arts Council, Sparebankstiftelsen and Kulturrom. Notam is a member of Balansekunst, and has the Balans label.\u00a0<\/p>\t\t\t\t\t\t\t\t<\/div>\n\t\t\t\t<\/div>\n\t\t\t\t\t<\/div>\n\t\t\t\t<\/div>\n\t\t<div class=\"elementor-element elementor-element-36029c4 e-flex e-con-boxed e-con e-parent\" data-id=\"36029c4\" data-element_type=\"container\" data-e-type=\"container\">\n\t\t\t\t\t<div class=\"e-con-inner\">\n\t\t<div class=\"elementor-element elementor-element-261abea e-grid e-con-full e-con e-child\" data-id=\"261abea\" data-element_type=\"container\" data-e-type=\"container\">\n\t\t\t\t<div class=\"elementor-element elementor-element-1d34326 elementor-widget elementor-widget-image\" data-id=\"1d34326\" data-element_type=\"widget\" data-e-type=\"widget\" data-widget_type=\"image.default\">\n\t\t\t\t<div class=\"elementor-widget-container\">\n\t\t\t\t\t\t\t\t\t\t\t\t\t\t\t<img decoding=\"async\" width=\"800\" height=\"534\" src=\"https:\/\/notam.no\/wp-content\/uploads\/2024\/11\/KR-logo-1024x683.jpg\" class=\"attachment-large size-large wp-image-1540\" alt=\"\" srcset=\"https:\/\/notam.no\/wp-content\/uploads\/2024\/11\/KR-logo-1024x683.jpg 1024w, https:\/\/notam.no\/wp-content\/uploads\/2024\/11\/KR-logo-scaled-600x400.jpg 600w, https:\/\/notam.no\/wp-content\/uploads\/2024\/11\/KR-logo-300x200.jpg 300w, https:\/\/notam.no\/wp-content\/uploads\/2024\/11\/KR-logo-768x512.jpg 768w, https:\/\/notam.no\/wp-content\/uploads\/2024\/11\/KR-logo-1536x1024.jpg 1536w, https:\/\/notam.no\/wp-content\/uploads\/2024\/11\/KR-logo-2048x1365.jpg 2048w, https:\/\/notam.no\/wp-content\/uploads\/2024\/11\/KR-logo-18x12.jpg 18w\" sizes=\"(max-width: 800px) 100vw, 800px\" \/>\t\t\t\t\t\t\t\t\t\t\t\t\t\t\t<\/div>\n\t\t\t\t<\/div>\n\t\t\t\t<div class=\"elementor-element elementor-element-c8336b0 elementor-widget elementor-widget-image\" data-id=\"c8336b0\" data-element_type=\"widget\" data-e-type=\"widget\" data-widget_type=\"image.default\">\n\t\t\t\t<div class=\"elementor-widget-container\">\n\t\t\t\t\t\t\t\t\t\t\t\t\t\t\t<img decoding=\"async\" width=\"800\" height=\"534\" src=\"https:\/\/notam.no\/wp-content\/uploads\/2024\/11\/sparebank-nett-1024x683.jpg\" class=\"attachment-large size-large wp-image-1552\" alt=\"\" srcset=\"https:\/\/notam.no\/wp-content\/uploads\/2024\/11\/sparebank-nett-1024x683.jpg 1024w, https:\/\/notam.no\/wp-content\/uploads\/2024\/11\/sparebank-nett-scaled-600x400.jpg 600w, https:\/\/notam.no\/wp-content\/uploads\/2024\/11\/sparebank-nett-300x200.jpg 300w, https:\/\/notam.no\/wp-content\/uploads\/2024\/11\/sparebank-nett-768x512.jpg 768w, https:\/\/notam.no\/wp-content\/uploads\/2024\/11\/sparebank-nett-1536x1024.jpg 1536w, https:\/\/notam.no\/wp-content\/uploads\/2024\/11\/sparebank-nett-2048x1365.jpg 2048w, https:\/\/notam.no\/wp-content\/uploads\/2024\/11\/sparebank-nett-18x12.jpg 18w\" sizes=\"(max-width: 800px) 100vw, 800px\" \/>\t\t\t\t\t\t\t\t\t\t\t\t\t\t\t<\/div>\n\t\t\t\t<\/div>\n\t\t\t\t<div class=\"elementor-element elementor-element-6571306 elementor-widget elementor-widget-image\" data-id=\"6571306\" data-element_type=\"widget\" data-e-type=\"widget\" data-widget_type=\"image.default\">\n\t\t\t\t<div class=\"elementor-widget-container\">\n\t\t\t\t\t\t\t\t\t\t\t\t\t\t\t<img loading=\"lazy\" decoding=\"async\" width=\"2560\" height=\"1707\" src=\"https:\/\/notam.no\/wp-content\/uploads\/2024\/11\/KVF-nett-scaled.jpg\" class=\"attachment-full size-full wp-image-1541\" alt=\"\" srcset=\"https:\/\/notam.no\/wp-content\/uploads\/2024\/11\/KVF-nett-scaled.jpg 2560w, https:\/\/notam.no\/wp-content\/uploads\/2024\/11\/KVF-nett-scaled-600x400.jpg 600w, https:\/\/notam.no\/wp-content\/uploads\/2024\/11\/KVF-nett-300x200.jpg 300w, https:\/\/notam.no\/wp-content\/uploads\/2024\/11\/KVF-nett-1024x683.jpg 1024w, https:\/\/notam.no\/wp-content\/uploads\/2024\/11\/KVF-nett-768x512.jpg 768w, https:\/\/notam.no\/wp-content\/uploads\/2024\/11\/KVF-nett-1536x1024.jpg 1536w, https:\/\/notam.no\/wp-content\/uploads\/2024\/11\/KVF-nett-2048x1365.jpg 2048w, https:\/\/notam.no\/wp-content\/uploads\/2024\/11\/KVF-nett-18x12.jpg 18w\" sizes=\"(max-width: 2560px) 100vw, 2560px\" \/>\t\t\t\t\t\t\t\t\t\t\t\t\t\t\t<\/div>\n\t\t\t\t<\/div>\n\t\t\t\t<div class=\"elementor-element elementor-element-1739d5d elementor-widget elementor-widget-image\" data-id=\"1739d5d\" data-element_type=\"widget\" data-e-type=\"widget\" data-widget_type=\"image.default\">\n\t\t\t\t<div class=\"elementor-widget-container\">\n\t\t\t\t\t\t\t\t\t\t\t\t\t\t\t<img loading=\"lazy\" decoding=\"async\" width=\"800\" height=\"534\" src=\"https:\/\/notam.no\/wp-content\/uploads\/2024\/11\/K-rom-nett-1024x683.jpg\" class=\"attachment-large size-large wp-image-1551\" alt=\"\" srcset=\"https:\/\/notam.no\/wp-content\/uploads\/2024\/11\/K-rom-nett-1024x683.jpg 1024w, https:\/\/notam.no\/wp-content\/uploads\/2024\/11\/K-rom-nett-scaled-600x400.jpg 600w, https:\/\/notam.no\/wp-content\/uploads\/2024\/11\/K-rom-nett-300x200.jpg 300w, https:\/\/notam.no\/wp-content\/uploads\/2024\/11\/K-rom-nett-768x512.jpg 768w, https:\/\/notam.no\/wp-content\/uploads\/2024\/11\/K-rom-nett-1536x1024.jpg 1536w, https:\/\/notam.no\/wp-content\/uploads\/2024\/11\/K-rom-nett-2048x1365.jpg 2048w, https:\/\/notam.no\/wp-content\/uploads\/2024\/11\/K-rom-nett-18x12.jpg 18w\" sizes=\"(max-width: 800px) 100vw, 800px\" \/>\t\t\t\t\t\t\t\t\t\t\t\t\t\t\t<\/div>\n\t\t\t\t<\/div>\n\t\t\t\t<div class=\"elementor-element elementor-element-8c60e79 elementor-widget elementor-widget-image\" data-id=\"8c60e79\" data-element_type=\"widget\" data-e-type=\"widget\" data-widget_type=\"image.default\">\n\t\t\t\t<div class=\"elementor-widget-container\">\n\t\t\t\t\t\t\t\t\t\t\t\t\t\t\t<img loading=\"lazy\" decoding=\"async\" width=\"800\" height=\"170\" src=\"https:\/\/notam.no\/wp-content\/uploads\/2026\/01\/balansemerket-logo-1024x218.png\" class=\"attachment-large size-large wp-image-4860\" alt=\"\" srcset=\"https:\/\/notam.no\/wp-content\/uploads\/2026\/01\/balansemerket-logo-1024x218.png 1024w, https:\/\/notam.no\/wp-content\/uploads\/2026\/01\/balansemerket-logo-300x64.png 300w, https:\/\/notam.no\/wp-content\/uploads\/2026\/01\/balansemerket-logo-768x163.png 768w, https:\/\/notam.no\/wp-content\/uploads\/2026\/01\/balansemerket-logo-18x4.png 18w, https:\/\/notam.no\/wp-content\/uploads\/2026\/01\/balansemerket-logo-600x128.png 600w, https:\/\/notam.no\/wp-content\/uploads\/2026\/01\/balansemerket-logo.png 1200w\" sizes=\"(max-width: 800px) 100vw, 800px\" \/>\t\t\t\t\t\t\t\t\t\t\t\t\t\t\t<\/div>\n\t\t\t\t<\/div>\n\t\t\t\t<\/div>\n\t\t\t\t\t<\/div>\n\t\t\t\t<\/div>\n\t\t\t\t<\/div>","protected":false},"excerpt":{"rendered":"<p>Notam er\u00a0Norwegian Centre for Technology, Art and Music.\u00a0 Vi er et senter for alle kunstnere i det frie feltet som jobber med kunst, musikk og teknologi. Vi jobber langs hele verdikjeden fra id\u00e9utvikling til formidling av ferdige verk. V\u00e5re aktiviteter deles inn i f\u00f8lgende kjerneomr\u00e5der: Hjelp til skapende arbeid Forskning og utvikling Utdanning Formidling Hjelp [&hellip;]<\/p>\n","protected":false},"author":1,"featured_media":0,"parent":0,"menu_order":0,"comment_status":"closed","ping_status":"closed","template":"","meta":{"_acf_changed":false,"footnotes":"","_links_to":"","_links_to_target":""},"class_list":["post-546","page","type-page","status-publish","hentry"],"acf":[],"publishpress_future_workflow_manual_trigger":{"enabledWorkflows":[]},"_links":{"self":[{"href":"https:\/\/notam.no\/en\/wp-json\/wp\/v2\/pages\/546","targetHints":{"allow":["GET"]}}],"collection":[{"href":"https:\/\/notam.no\/en\/wp-json\/wp\/v2\/pages"}],"about":[{"href":"https:\/\/notam.no\/en\/wp-json\/wp\/v2\/types\/page"}],"author":[{"embeddable":true,"href":"https:\/\/notam.no\/en\/wp-json\/wp\/v2\/users\/1"}],"replies":[{"embeddable":true,"href":"https:\/\/notam.no\/en\/wp-json\/wp\/v2\/comments?post=546"}],"version-history":[{"count":9,"href":"https:\/\/notam.no\/en\/wp-json\/wp\/v2\/pages\/546\/revisions"}],"predecessor-version":[{"id":4863,"href":"https:\/\/notam.no\/en\/wp-json\/wp\/v2\/pages\/546\/revisions\/4863"}],"wp:attachment":[{"href":"https:\/\/notam.no\/en\/wp-json\/wp\/v2\/media?parent=546"}],"curies":[{"name":"wp","href":"https:\/\/api.w.org\/{rel}","templated":true}]}}