{"id":621,"date":"2024-08-28T10:07:26","date_gmt":"2024-08-28T08:07:26","guid":{"rendered":"https:\/\/notam.no\/?page_id=621"},"modified":"2025-12-09T16:21:18","modified_gmt":"2025-12-09T15:21:18","slug":"booking","status":"publish","type":"page","link":"https:\/\/notam.no\/en\/booking\/","title":{"rendered":"Booking"},"content":{"rendered":"\t\t<div data-elementor-type=\"wp-page\" data-elementor-id=\"621\" class=\"elementor elementor-621\" data-elementor-post-type=\"page\">\n\t\t\t\t<div class=\"elementor-element elementor-element-28d75d2 e-con-full e-flex e-con e-parent\" data-id=\"28d75d2\" data-element_type=\"container\" data-e-type=\"container\">\n\t\t<div class=\"elementor-element elementor-element-3446589 e-con-full e-flex e-con e-child\" data-id=\"3446589\" data-element_type=\"container\" data-e-type=\"container\">\n\t\t\t\t<div class=\"elementor-element elementor-element-9fccb6c elementor-widget elementor-widget-menu-anchor\" data-id=\"9fccb6c\" data-element_type=\"widget\" data-e-type=\"widget\" data-widget_type=\"menu-anchor.default\">\n\t\t\t\t<div class=\"elementor-widget-container\">\n\t\t\t\t\t\t\t<div class=\"elementor-menu-anchor\" id=\"bookingkalender\"><\/div>\n\t\t\t\t\t\t<\/div>\n\t\t\t\t<\/div>\n\t\t<div class=\"elementor-element elementor-element-2b91c26 e-con-full e-flex e-con e-child\" data-id=\"2b91c26\" data-element_type=\"container\" data-e-type=\"container\" data-settings=\"{&quot;background_background&quot;:&quot;classic&quot;}\">\n\t\t\t\t<div class=\"elementor-element elementor-element-3bf0f08 elementor-widget elementor-widget-heading\" data-id=\"3bf0f08\" data-element_type=\"widget\" data-e-type=\"widget\" data-widget_type=\"heading.default\">\n\t\t\t\t<div class=\"elementor-widget-container\">\n\t\t\t\t\t<h2 class=\"elementor-heading-title elementor-size-default\">Bookingkalender <\/h2>\t\t\t\t<\/div>\n\t\t\t\t<\/div>\n\t\t\t\t<div class=\"elementor-element elementor-element-5d752cf info elementor-widget elementor-widget-text-editor\" data-id=\"5d752cf\" data-element_type=\"widget\" data-e-type=\"widget\" data-widget_type=\"text-editor.default\">\n\t\t\t\t<div class=\"elementor-widget-container\">\n\t\t\t\t\t\t\t\t\t<p>Sjekk bookingkalenderen for tilgjengeligheten i rommet du \u00f8nsker \u00e5 booke, f\u00f8r du sender en foresp\u00f8rsel:<\/p><p><a href=\"\/booking\/studio-1\/\">Kontrollrom (lydstudio)<\/a><br \/><a href=\"\/booking\/opptaksrom\/\">Opptaksrom<\/a><br \/><a href=\"\/booking\/studio-2\/\">Studio for digitale visuelle medier<\/a><br \/><a href=\"\/booking\/studio-3\">Kringlydstudio<\/a><br \/><a href=\"\/booking\/prosjektrom\/\">Prosjektrom<\/a><\/p>\t\t\t\t\t\t\t\t<\/div>\n\t\t\t\t<\/div>\n\t\t\t\t<\/div>\n\t\t\t\t<div class=\"elementor-element elementor-element-d6c1815 elementor-widget elementor-widget-spacer\" data-id=\"d6c1815\" data-element_type=\"widget\" data-e-type=\"widget\" data-widget_type=\"spacer.default\">\n\t\t\t\t<div class=\"elementor-widget-container\">\n\t\t\t\t\t\t\t<div class=\"elementor-spacer\">\n\t\t\t<div class=\"elementor-spacer-inner\"><\/div>\n\t\t<\/div>\n\t\t\t\t\t\t<\/div>\n\t\t\t\t<\/div>\n\t\t\t\t<div class=\"elementor-element elementor-element-e14019a elementor-widget elementor-widget-heading\" data-id=\"e14019a\" data-element_type=\"widget\" data-e-type=\"widget\" data-widget_type=\"heading.default\">\n\t\t\t\t<div class=\"elementor-widget-container\">\n\t\t\t\t\t<h2 class=\"elementor-heading-title elementor-size-default\">Bookingskjema<\/h2>\t\t\t\t<\/div>\n\t\t\t\t<\/div>\n\t\t\t\t<div class=\"elementor-element elementor-element-88302c9 elementor-widget elementor-widget-text-editor\" data-id=\"88302c9\" data-element_type=\"widget\" data-e-type=\"widget\" data-widget_type=\"text-editor.default\">\n\t\t\t\t<div class=\"elementor-widget-container\">\n\t\t\t\t\t\t\t\t\t<p><em><strong>Dette er kun en bookingforesp\u00f8rsel.<\/strong> Rommet er ikke booket f\u00f8r du mottar en bekreftelse fra oss. <strong>Om du ikke har arbeidet i v\u00e5re studioer tidligere m\u00e5 f\u00f8rste booking v\u00e6re p\u00e5 en ukedag i tidsrommet 10:00 &#8211; 15:00. <\/strong><\/em><em><a href=\"https:\/\/notam.no\/no\/ditt-prosjekt-pa-notam\/#priser\">V\u00e5re priser finner du her. <\/a>Du betaler for bookingen f\u00f8rst under ditt bes\u00f8k.\u00a0<\/em><\/p>\t\t\t\t\t\t\t\t<\/div>\n\t\t\t\t<\/div>\n\t\t\t\t<div class=\"elementor-element elementor-element-0892603 elementor-widget elementor-widget-menu-anchor\" data-id=\"0892603\" data-element_type=\"widget\" data-e-type=\"widget\" data-widget_type=\"menu-anchor.default\">\n\t\t\t\t<div class=\"elementor-widget-container\">\n\t\t\t\t\t\t\t<div class=\"elementor-menu-anchor\" id=\"Bookingskjema\"><\/div>\n\t\t\t\t\t\t<\/div>\n\t\t\t\t<\/div>\n\t\t\t\t<div class=\"elementor-element elementor-element-d2563e4 elementor-widget elementor-widget-formidable\" data-id=\"d2563e4\" data-element_type=\"widget\" data-e-type=\"widget\" data-widget_type=\"formidable.default\">\n\t\t\t\t<div class=\"elementor-widget-container\">\n\t\t\t\t\t<div class=\"frm_forms  with_frm_style frm_style_formidable-style\" id=\"frm_form_3_container\" data-token=\"e7967c8b1e262f50b571f37043591368\">\n<form enctype=\"multipart\/form-data\" method=\"post\" class=\"frm-show-form  frm_pro_form \" id=\"form_booking2\" data-token=\"e7967c8b1e262f50b571f37043591368\">\n<div class=\"frm_form_fields  frm_page_num_1\">\n<fieldset>\n<legend class=\"frm_screen_reader\">Booking<\/legend>\r\n\r\n<div class=\"frm_fields_container\">\n<div class=\"frm_rootline_group\" role=\"group\" tabindex=\"0\" aria-label=\"Page 1 of 3\" ><ul class=\"frm_page_bar frm_rootline_3 frm_progress frm_progress_line frm_no_numbers frm_show_lines frm_show_titles\"><li class=\"frm_rootline_single frm_current_page\"><span class=\"frm_rootline_title\">Booking informasjon<\/span><input type=\"button\" value=\"1\" data-page=\"\" class=\" frm_page_1\" aria-disabled=\"true\" data-field=\"0\" aria-label=\"Booking informasjon\"  \/><\/li><li class=\"frm_rootline_single\"><span class=\"frm_rootline_title\">Om deg og ditt prosjekt<\/span><input type=\"button\" value=\"2\" data-page=\"21\" class=\"frm_page_skip frm_page_2\" data-field=\"26\" aria-label=\"Om deg og ditt prosjekt\"  \/><\/li><li class=\"frm_rootline_single\"><span class=\"frm_rootline_title\">Siste detaljer<\/span><input type=\"button\" value=\"3\" data-page=\"41\" class=\"frm_page_skip frm_page_3\" data-field=\"39\" aria-label=\"Siste detaljer\"  \/><\/li><\/ul><div class=\"frm_clearfix\"><\/div><\/div><input type=\"hidden\" name=\"frm_action\" value=\"create\" \/>\n<input type=\"hidden\" name=\"form_id\" value=\"3\" \/>\n<input type=\"hidden\" name=\"frm_hide_fields_3\" id=\"frm_hide_fields_3\" value=\"\" \/>\n<input type=\"hidden\" name=\"form_key\" value=\"booking2\" \/>\n<input type=\"hidden\" name=\"item_meta[0]\" value=\"\" \/>\n<input type=\"hidden\" id=\"frm_submit_entry_3\" name=\"frm_submit_entry_3\" value=\"0bc191005a\" \/><input type=\"hidden\" name=\"_wp_http_referer\" value=\"\/en\/wp-json\/wp\/v2\/pages\/621\" \/><div id=\"frm_field_18_container\" class=\"frm_form_field frm_section_heading form-field \">\r\n<h3 class=\"frm_pos_top frm_section_spacing\">Booking informasjon<\/h3>\r\n\r\n\r\n<div id=\"frm_field_20_container\" class=\"frm_form_field form-field  frm_required_field frm_top_container frm12 frm_first vertical_radio\">\r\n\t<div  id=\"field_f8m9f_label\" class=\"frm_primary_label\">Hvilket rom \u00f8nsker du \u00e5 booke? (v\u00e5re priser finner du <a href=\"https:\/\/notam.no\/ditt-prosjekt-pa-notam\/#priser\">her<\/a>)\r\n\t\t<span class=\"frm_required\" aria-hidden=\"true\">*<\/span>\r\n\t<\/div>\r\n\t<div class=\"frm_opt_container\" aria-labelledby=\"field_f8m9f_label\" role=\"group\">\t\t<div class=\"frm_checkbox\" id=\"frm_checkbox_20-18-0\">\t\t\t<label  for=\"field_f8m9f-0\">\n\t\t\t<input type=\"checkbox\" name=\"item_meta[20][]\" id=\"field_f8m9f-0\" value=\"Kontrollrom (lydstudio)\"  data-sectionid=\"18\"  data-reqmsg=\"Du m\u00e5 velge hvilket rom du \u00f8nsker \u00e5 booke\" data-invmsg=\"Hvilket rom \u00f8nsker du \u00e5 booke? (v\u00e5re priser finner du &lt;a href=&quot;https:\/\/notam.no\/ditt-prosjekt-pa-notam\/#priser&quot;&gt;her&lt;\/a&gt;) is invalid\"   aria-required=\"true\"  \/> Kontrollrom (lydstudio)<\/label><\/div>\n\t\t<div class=\"frm_checkbox\" id=\"frm_checkbox_20-18-1\">\t\t\t<label  for=\"field_f8m9f-1\">\n\t\t\t<input type=\"checkbox\" name=\"item_meta[20][]\" id=\"field_f8m9f-1\" value=\"Opptaksrom\"  data-sectionid=\"18\"  data-reqmsg=\"Du m\u00e5 velge hvilket rom du \u00f8nsker \u00e5 booke\" data-invmsg=\"Hvilket rom \u00f8nsker du \u00e5 booke? (v\u00e5re priser finner du &lt;a href=&quot;https:\/\/notam.no\/ditt-prosjekt-pa-notam\/#priser&quot;&gt;her&lt;\/a&gt;) is invalid\"   \/> Opptaksrom<\/label><\/div>\n\t\t<div class=\"frm_checkbox\" id=\"frm_checkbox_20-18-2\">\t\t\t<label  for=\"field_f8m9f-2\">\n\t\t\t<input type=\"checkbox\" name=\"item_meta[20][]\" id=\"field_f8m9f-2\" value=\"Studio for digitale visuelle arbeid\"  data-sectionid=\"18\"  data-reqmsg=\"Du m\u00e5 velge hvilket rom du \u00f8nsker \u00e5 booke\" data-invmsg=\"Hvilket rom \u00f8nsker du \u00e5 booke? (v\u00e5re priser finner du &lt;a href=&quot;https:\/\/notam.no\/ditt-prosjekt-pa-notam\/#priser&quot;&gt;her&lt;\/a&gt;) is invalid\"   \/> Studio for digitale visuelle arbeid<\/label><\/div>\n\t\t<div class=\"frm_checkbox\" id=\"frm_checkbox_20-18-3\">\t\t\t<label  for=\"field_f8m9f-3\">\n\t\t\t<input type=\"checkbox\" name=\"item_meta[20][]\" id=\"field_f8m9f-3\" value=\"Kringlydstudio\"  data-sectionid=\"18\"  data-reqmsg=\"Du m\u00e5 velge hvilket rom du \u00f8nsker \u00e5 booke\" data-invmsg=\"Hvilket rom \u00f8nsker du \u00e5 booke? (v\u00e5re priser finner du &lt;a href=&quot;https:\/\/notam.no\/ditt-prosjekt-pa-notam\/#priser&quot;&gt;her&lt;\/a&gt;) is invalid\"   \/> Kringlydstudio<\/label><\/div>\n\t\t<div class=\"frm_checkbox\" id=\"frm_checkbox_20-18-4\">\t\t\t<label  for=\"field_f8m9f-4\">\n\t\t\t<input type=\"checkbox\" name=\"item_meta[20][]\" id=\"field_f8m9f-4\" value=\"Prosjektrom\"  data-sectionid=\"18\"  data-reqmsg=\"Du m\u00e5 velge hvilket rom du \u00f8nsker \u00e5 booke\" data-invmsg=\"Hvilket rom \u00f8nsker du \u00e5 booke? (v\u00e5re priser finner du &lt;a href=&quot;https:\/\/notam.no\/ditt-prosjekt-pa-notam\/#priser&quot;&gt;her&lt;\/a&gt;) is invalid\"   \/> Prosjektrom<\/label><\/div>\n<\/div>\r\n\t\r\n\t\r\n<\/div>\n<div id=\"frm_field_44_container\" class=\"frm_form_field form-field  frm_required_field frm_top_container\">\r\n\t<label for=\"field_1aqao\" id=\"field_1aqao_label\" class=\"frm_primary_label\">Trenger du \u00e5 booke veiledning i studio?\r\n\t\t<span class=\"frm_required\" aria-hidden=\"true\">*<\/span>\r\n\t<\/label>\r\n\t\t\t<select name=\"item_meta[44]\" id=\"field_1aqao\"  data-sectionid=\"18\"  data-reqmsg=\"Vi trenger \u00e5 vite om du har v\u00e6rt her f\u00f8r\" aria-required=\"true\" data-invmsg=\"Trenger du \u00e5 booke veiledning i studio? is invalid\" aria-invalid=\"false\"  >\n\t\t<option  value=\"\" selected='selected'> <\/option><option  value=\"Ja\">Ja<\/option><option  value=\"Nei\">Nei<\/option>\t<\/select>\n\t\r\n\t\r\n\t\r\n<\/div>\n<div id=\"frm_field_54_container\" class=\"frm_form_field  frm_html_container form-field\">\n<p>Om du har behov for \u00e5 booke veiledning, s\u00e5 er prisen for dette 380,- kr. per time.<\/p>\n<\/div>\n<div id=\"frm_field_53_container\" class=\"frm_form_field form-field  frm_required_field frm_top_container\">\r\n\t<label for=\"field_kvt0o\" id=\"field_kvt0o_label\" class=\"frm_primary_label\">Har du tidligere f\u00e5tt en introduksjon til studioet du \u00f8nsker \u00e5 booke?\r\n\t\t<span class=\"frm_required\" aria-hidden=\"true\">*<\/span>\r\n\t<\/label>\r\n\t\t\t<select name=\"item_meta[53]\" id=\"field_kvt0o\"  data-sectionid=\"18\"  data-reqmsg=\"Vi trenger \u00e5 vite om du har v\u00e6rt her f\u00f8r\" aria-required=\"true\" data-invmsg=\"Har du tidligere f\u00e5tt en introduksjon til studioet du \u00f8nsker \u00e5 booke? is invalid\" aria-invalid=\"false\"  >\n\t\t<option  value=\"\" selected='selected'> <\/option><option  value=\"Ja\">Ja<\/option><option  value=\"Nei\">Nei<\/option>\t<\/select>\n\t\r\n\t\r\n\t\r\n<\/div>\n<div id=\"frm_field_55_container\" class=\"frm_form_field  frm_html_container form-field\">S\u00e5 fint!<\/div>\n<div id=\"frm_field_56_container\" class=\"frm_form_field  frm_html_container form-field\">\n<p>For \u00e5 benytte Notams studio trenger du f\u00f8rst en introduksjon. F\u00f8rste time av din booking i studio vil da settes av til introduksjon med tekniker (dette koster 380 kr. per time).<\/p>\n<\/div>\n<div id=\"frm_field_23_container\" class=\"frm_form_field form-field  frm_top_container\">\r\n\t<label for=\"field_q2l\" id=\"field_q2l_label\" class=\"frm_primary_label\">Trenger du \u00e5 l\u00e5ne noe utstyr? \r\n\t\t<span class=\"frm_required\" aria-hidden=\"true\"><\/span>\r\n\t<\/label>\r\n\t<textarea name=\"item_meta[23]\" id=\"field_q2l\" rows=\"5\"  data-sectionid=\"18\"  data-invmsg=\"Trenger du \u00e5 l\u00e5ne noe utstyr?  is invalid\" aria-invalid=\"false\"   aria-describedby=\"frm_desc_field_q2l\"><\/textarea>\r\n\t<div class=\"frm_description\" id=\"frm_desc_field_q2l\">Hvis du trenger utstyr (f.eks. mikrofoner), vennligst gi oss beskjed her<\/div>\r\n\t\r\n<\/div>\n<div id=\"frm_field_58_container\" class=\"frm_form_field form-field  frm_required_field frm_top_container\">\r\n\t<label for=\"field_n6owd\" id=\"field_n6owd_label\" class=\"frm_primary_label\">\u00d8nsket dato og tid for booking\r\n\t\t<span class=\"frm_required\" aria-hidden=\"true\">*<\/span>\r\n\t<\/label>\r\n\t<textarea name=\"item_meta[58]\" id=\"field_n6owd\" rows=\"5\"  data-sectionid=\"18\"  placeholder=\"eksempel: 01.01.25, 08:00-12:00\" data-reqmsg=\"\u00d8nsket dato og tid for booking kan ikke st\u00e5 tomt.\" aria-required=\"true\" data-invmsg=\"\u00d8nsket dato og tid for booking is invalid\" aria-invalid=\"false\"   aria-describedby=\"frm_desc_field_n6owd\"><\/textarea>\r\n\t<div class=\"frm_description\" id=\"frm_desc_field_n6owd\">Skriv opp \u00f8nskede datoer og tidspunkter her.<\/div>\r\n\t\r\n<\/div>\n<\/div>\n<input type=\"hidden\" name=\"frm_page_order_3\" id=\"frm_page_order_3\" value=\"21\" \/><input type=\"hidden\" name=\"item_meta[24]\" id=\"field_5tgi5\" value=\"\"     \/>\n<input type=\"hidden\" name=\"item_meta[27]\" id=\"field_jyyuk\" value=\"\"  data-sectionid=\"24\"     \/>\n<input type=\"hidden\" name=\"item_meta[28]\" id=\"field_g8ctj\" value=\"\"  data-sectionid=\"24\"     \/>\n<input type=\"hidden\" name=\"item_meta[30]\" id=\"field_etcv9\" value=\"\"  data-sectionid=\"24\"  autocomplete=\"email\"     \/>\n<input type=\"hidden\" name=\"item_meta[29]\" id=\"field_fj351\" value=\"\"  data-sectionid=\"24\"     \/>\n<input type=\"hidden\" name=\"item_meta[104]\" id=\"field_qgk3x-0\" value=\"\"  data-sectionid=\"24\"     \/>\n<input type=\"hidden\" name=\"item_meta[128]\" id=\"field_rlpa3-0\" value=\"\"  data-sectionid=\"24\"     \/>\n<input type=\"hidden\" name=\"item_meta[31]\" id=\"field_q3p8m\" value=\"\"  data-sectionid=\"24\"     \/>\n<input type=\"hidden\" name=\"item_meta[25]\" id=\"field_otb52\" value=\"\"     \/>\n<input type=\"hidden\" name=\"item_meta[39]\" id=\"field_fy3tn\" value=\"\"     \/>\n<input type=\"hidden\" name=\"item_meta[32]\" id=\"field_tcneu\" value=\"\"     \/>\n<input type=\"hidden\" name=\"item_meta[35]\" id=\"field_ef07d-0\" value=\"\"  data-sectionid=\"32\"     \/>\n<input type=\"hidden\" name=\"item_meta[33]\" id=\"field_ttsh7\" value=\"\"     \/>\n<input type=\"hidden\" name=\"item_meta[77]\" id=\"field_cbnfu\" value=\"\"     \/>\n<input type=\"hidden\" name=\"item_meta[171]\" id=\"field_j3bpp\" value=\"\"  data-sectionid=\"24\"     \/>\n<input type=\"hidden\" name=\"item_meta[17]\" id=\"field_submit2\" value=\"\"     \/>\n\t<input type=\"hidden\" name=\"item_key\" value=\"\" \/>\n\t\t\t<div id=\"frm_field_177_container\">\n\t\t\t<label for=\"field_rad1v\" >\n\t\t\t\tIf you are human, leave this field blank.\t\t\t<\/label>\n\t\t\t<input  id=\"field_rad1v\" type=\"text\" class=\"frm_form_field form-field frm_verify\" name=\"item_meta[177]\" value=\"\"  \/>\n\t\t<\/div>\n\t\t<input name=\"frm_state\" type=\"hidden\" value=\"U6A1HWHtQAD9vPNGeqoTPDZJEbGipFRpCdaFZ+E5VrVpZ1N6lhYMdnrc3p9urCdl\" \/><div class=\"frm_submit frm_flex\">\r\n<button class=\"frm_button_submit\" type=\"submit\"  >Neste<\/button>\r\n\r\n\r\n\r\n<\/div><\/div>\n<\/fieldset>\n<\/div>\n\n<\/form>\n<\/div>\n\t\t\t\t<\/div>\n\t\t\t\t<\/div>\n\t\t\t\t<\/div>\n\t\t\t\t<\/div>\n\t\t<div class=\"elementor-element elementor-element-303f8c7c e-flex e-con-boxed e-con e-parent\" data-id=\"303f8c7c\" data-element_type=\"container\" data-e-type=\"container\">\n\t\t\t\t\t<div class=\"e-con-inner\">\n\t\t\t\t\t<\/div>\n\t\t\t\t<\/div>\n\t\t<div class=\"elementor-element elementor-element-3a6af52 e-flex e-con-boxed e-con e-parent\" data-id=\"3a6af52\" data-element_type=\"container\" data-e-type=\"container\">\n\t\t\t\t\t<div class=\"e-con-inner\">\n\t\t\t\t\t<\/div>\n\t\t\t\t<\/div>\n\t\t\t\t<\/div>\n\t\t","protected":false},"excerpt":{"rendered":"<p>Bookingkalender Sjekk bookingkalenderen for tilgjengeligheten i rommet du \u00f8nsker \u00e5 booke, f\u00f8r du sender en foresp\u00f8rsel: Kontrollrom (lydstudio)OpptaksromStudio for digitale visuelle medierKringlydstudioProsjektrom Bookingskjema Dette er kun en bookingforesp\u00f8rsel. Rommet er ikke booket f\u00f8r du mottar en bekreftelse fra oss. Om du ikke har arbeidet i v\u00e5re studioer tidligere m\u00e5 f\u00f8rste booking v\u00e6re p\u00e5 en ukedag [&hellip;]<\/p>\n","protected":false},"author":1,"featured_media":0,"parent":0,"menu_order":0,"comment_status":"closed","ping_status":"closed","template":"","meta":{"_acf_changed":false,"footnotes":"","_links_to":"","_links_to_target":""},"class_list":["post-621","page","type-page","status-publish","hentry"],"acf":[],"publishpress_future_workflow_manual_trigger":{"enabledWorkflows":[]},"_links":{"self":[{"href":"https:\/\/notam.no\/en\/wp-json\/wp\/v2\/pages\/621","targetHints":{"allow":["GET"]}}],"collection":[{"href":"https:\/\/notam.no\/en\/wp-json\/wp\/v2\/pages"}],"about":[{"href":"https:\/\/notam.no\/en\/wp-json\/wp\/v2\/types\/page"}],"author":[{"embeddable":true,"href":"https:\/\/notam.no\/en\/wp-json\/wp\/v2\/users\/1"}],"replies":[{"embeddable":true,"href":"https:\/\/notam.no\/en\/wp-json\/wp\/v2\/comments?post=621"}],"version-history":[{"count":54,"href":"https:\/\/notam.no\/en\/wp-json\/wp\/v2\/pages\/621\/revisions"}],"predecessor-version":[{"id":4613,"href":"https:\/\/notam.no\/en\/wp-json\/wp\/v2\/pages\/621\/revisions\/4613"}],"wp:attachment":[{"href":"https:\/\/notam.no\/en\/wp-json\/wp\/v2\/media?parent=621"}],"curies":[{"name":"wp","href":"https:\/\/api.w.org\/{rel}","templated":true}]}}